{"id":5628,"date":"2025-10-16T16:06:29","date_gmt":"2025-10-16T22:06:29","guid":{"rendered":"https:\/\/condican.upiita.ipn.mx\/?page_id=5628"},"modified":"2025-10-16T16:32:22","modified_gmt":"2025-10-16T22:32:22","slug":"talleres","status":"publish","type":"page","link":"https:\/\/condican.upiita.ipn.mx\/index.php\/actividades\/talleres\/","title":{"rendered":"Talleres"},"content":{"rendered":"<section class=\"wpb-content-wrapper\"><p>[vc_row][vc_column][vc_custom_heading text=&#8221;Talleres&#8221; use_theme_fonts=&#8221;yes&#8221;][\/vc_column][\/vc_row][vc_row][vc_column][vc_single_image image=&#8221;5634&#8243; img_size=&#8221;full&#8221;][vc_row_inner][vc_column_inner][vc_toggle title=&#8221;20\/10\/2025 &#8211; Dr. Omar Saucedo Vigueras &#8211; An\u00e1lisis neuropsicoanal\u00edtico de la latencia del sue\u00f1o en mujeres que viven con c\u00e1ncer de mama&#8221;]<\/p>\n<p style=\"text-align: justify;\"><strong>Dr. Omar Saucedo Vigueras<br \/>\n<\/strong>Psicoterapeuta Psicoanal\u00edtico y Psicoonc\u00f3logo Paliativista: FUCAM (Fundaci\u00f3n de c\u00e1ncer de mama)<\/p>\n<p style=\"text-align: justify;\"><strong>\u201cAn\u00e1lisis neuropsicoanal\u00edtico de la latencia del sue\u00f1o en mujeres que viven con c\u00e1ncer de mama&#8221;\u00a0<\/strong><\/p>\n<p style=\"text-align: justify;\">10:00-13:00<\/p>\n<hr \/>\n<p style=\"text-align: justify;\"><strong>Semblanza<\/strong><\/p>\n<p style=\"text-align: justify;\">El Dr. Omar Saucedo Vigueras es psicoterapeuta psicoanal\u00edtico y psicoonc\u00f3logo paliativista, con una destacada trayectoria en el \u00e1mbito cl\u00ednico, docente y de investigaci\u00f3n. Su formaci\u00f3n combina de manera integral el psicoan\u00e1lisis, la psicooncolog\u00eda y los cuidados paliativos, con un enfoque profundamente \u00e9tico y humanista hacia el sufrimiento, la enfermedad y la muerte.<br \/>\nEgresado de la Universidad Justo Sierra como licenciado en Psicolog\u00eda, el Dr. Saucedo continu\u00f3 su especializaci\u00f3n con una Maestr\u00eda en Investigaci\u00f3n Psicoanal\u00edtica (AMPIEP) y una Maestr\u00eda en Psicooncolog\u00eda (IMPo). Asimismo, obtuvo un M\u00e1ster en Cuidados Paliativos Oncol\u00f3gicos por ESNECA Business School, en colaboraci\u00f3n con la Asociaci\u00f3n Espa\u00f1ola de Calidad. Actualmente cursa el Doctorado en Psicoan\u00e1lisis con \u00e9nfasis en Neuropsicoan\u00e1lisis en la Universidad Intercontinental, consolidando su formaci\u00f3n en la intersecci\u00f3n entre la mente, el cuerpo y la subjetividad del paciente.<\/p>\n<p style=\"text-align: justify;\">Complementa su perfil con especializaciones y diplomados en Bio\u00e9tica Cl\u00ednica y Hospitalaria, as\u00ed como en Tanatolog\u00eda Existencial, lo que refuerza su compromiso con una atenci\u00f3n integral y \u00e9tica hacia el paciente en contextos hospitalarios y de fin de vida.<\/p>\n<p style=\"text-align: justify;\">En su pr\u00e1ctica profesional, el Dr. Saucedo se ha desempe\u00f1ado en instituciones de gran prestigio como FUCAM (Fundaci\u00f3n de C\u00e1ncer de Mama) y el Centro M\u00e9dico ABC, donde ha sido psicoterapeuta, coordinador de Salud Mental y miembro del Comit\u00e9 Hospitalario de Bio\u00e9tica. Su labor ha abarcado la atenci\u00f3n cl\u00ednica, la docencia universitaria, la investigaci\u00f3n aplicada y la organizaci\u00f3n de congresos especializados en Salud Mental Oncol\u00f3gica y Cuidados Paliativos.<\/p>\n<p style=\"text-align: justify;\">Como docente del Tecnol\u00f3gico de Monterrey (Campus Ciudad de M\u00e9xico), ha contribuido a la formaci\u00f3n de nuevas generaciones de psic\u00f3logos cl\u00ednicos, promoviendo la reflexi\u00f3n \u00e9tica y el pensamiento cr\u00edtico en torno a la pr\u00e1ctica hospitalaria y psicooncol\u00f3gica.<\/p>\n<p style=\"text-align: justify;\">Su experiencia se extiende tambi\u00e9n al \u00e1mbito internacional, con participaci\u00f3n en programas de acompa\u00f1amiento a pacientes con VIH en Toronto, Canad\u00e1, as\u00ed como en proyectos comunitarios de salud mental y diversidad sexual en Yaaj M\u00e9xico, organizaci\u00f3n de la cual fue cofundador.<\/p>\n<p style=\"text-align: justify;\">El Dr. Saucedo ha sido conferencista en instituciones nacionales e internacionales, incluyendo IMSS, ISSSTE, SEDENA, REU Argentina y Peopl, difundiendo su enfoque interdisciplinario sobre la atenci\u00f3n psicooncol\u00f3gica, los cuidados paliativos y la \u00e9tica del acompa\u00f1amiento.<\/p>\n<p>[\/vc_toggle][vc_toggle title=&#8221;20\/10\/2025 &#8211; Dr. Ateet Dutt &#8211; Investigador Instituto de Investigaciones en Materiales (IIM) UNAM, SNII II T\u00edtulo:Nanoalambres: Innovaci\u00f3n y Aplicaciones en la Salud&#8221;]<\/p>\n<p style=\"text-align: justify;\"><strong>Dr. Ateet Dutt<\/strong><br \/>\nInvestigador Instituto de Investigaciones en Materiales (IIM) UNAM, SNII II<\/p>\n<p style=\"text-align: justify;\"><strong>\u201cNanoalambres: Innovaci\u00f3n y Aplicaciones en la Salud&#8221;<\/strong><\/p>\n<p style=\"text-align: justify;\">10:00-13:00<\/p>\n<hr \/>\n<p style=\"text-align: justify;\"><strong>Semblanza<\/strong><\/p>\n<p style=\"text-align: justify;\">El Dr. Ateet Dutt obtuvo una maestr\u00eda en Nanotecnolog\u00eda de la Universidad VIT, India, en 2011. Posteriormente, recibi\u00f3 su Doctorado en Ingenier\u00eda El\u00e9ctrica (Electr\u00f3nica de Estado S\u00f3lido) del CINVESTAV, Ciudad de M\u00e9xico (2012-2015). Tambi\u00e9n realiz\u00f3 dos a\u00f1os de investigaci\u00f3n posdoctoral en el Instituto de Investigaci\u00f3n de Materiales, UNAM (2016-2018). Ha publicado m\u00e1s de 70 art\u00edculos en revistas internacionales arbitradas. Una de sus patentes mexicanas ha sido otorgada y otros dos est\u00e1n en tr\u00e1mite. Ha participado en m\u00e1s de 140 conferencias internacionales. Es miembro del Sistema Nacional de Investigadores (M\u00e9xico) (nivel II), otorgado por el Consejo Nacional de Ciencia y Tecnolog\u00eda de M\u00e9xico (CONAHCyT). Adem\u00e1s, ha participado activamente en la formaci\u00f3n de recursos humanos en diferentes niveles de pre o posgrado. Su investigaci\u00f3n principal se centra en el desarrollo de nanocables de \u00f3xido de zinc, nanopart\u00edculas de silicio y otros \u00f3xidos met\u00e1licos para diversas aplicaciones optoelectr\u00f3nicas, como el desarrollo potencial de LED, celdas solares de tercera generaci\u00f3n, cat\u00e1lisis (producci\u00f3n de hidr\u00f3geno) y sensores (biosensores \u00f3pticos y sensores de gases). Actualmente dirige el grupo maver\/de-nano en el Instituto de Investigaciones en Materiales de la Universidad Nacional Aut\u00f3noma de M\u00e9xico (UNAM). Tambi\u00e9n forma parte del Consejo Directivo de la Sociedad Mexicana de Superficies, Materiales y Vac\u00edo.<\/p>\n<p>[\/vc_toggle][vc_toggle title=&#8221;20\/10\/2025 &#8211; Dra. Maricela Villanueva Ib\u00e1\u00f1ez &#8211; Bios\u00edntesis de nanopart\u00edculas aplicadas al tratamiento del c\u00e1ncer: teor\u00eda y estrategia experimental&#8221;]<\/p>\n<p style=\"text-align: justify;\"><strong>Dra. Maricela Villanueva Ib\u00e1\u00f1ez<\/strong><br \/>\nUniversidad Polit\u00e9cnica de Pachuca<\/p>\n<p style=\"text-align: justify;\"><strong>\u201cBios\u00edntesis de nanopart\u00edculas aplicadas al tratamiento del c\u00e1ncer: teor\u00eda y estrategia experimental&#8221;<\/strong><\/p>\n<p style=\"text-align: justify;\">10:00-13:00<\/p>\n<hr \/>\n<p style=\"text-align: justify;\"><strong>Semblanza<\/strong><\/p>\n<p style=\"text-align: justify;\">Doctor en Ciencias e Ingenier\u00eda de Materiales por l\u2019Universit\u00e9 Claude Bernard Lyon 1, Francia. Maestra en Ciencias en Metalurgia y Materiales por la Escuela Superior de Ingenier\u00eda Qu\u00edmica e Industrias Extractivas del I.P.N. Desde 2006 ha sido profesora-investigadora adscrita a programas educativos de Ingenier\u00eda Mecatr\u00f3nica, Ingenier\u00eda Biom\u00e9dica y en la Direcci\u00f3n de Investigaci\u00f3n, Innovaci\u00f3n y Posgrado de la UPPachuca. Participa en el N\u00facleo Acad\u00e9mico B\u00e1sico del Posgrado en Biotecnolog\u00eda (PNPC) y en el del Doctorado en Ciencias y Tecnolog\u00edas Avanzadas de la UPPachuca. Es responsable del Laboratorio de Nanotecnolog\u00eda, Sistemas Biol\u00f3gicos y Aplicaciones Industriales, y l\u00edder del Cuerpo Acad\u00e9mico en consolidaci\u00f3n \u201cNanotecnolog\u00eda, Nuevos Materiales y Sistemas para la Salud, la Industria y Energ\u00edas Alternas\u201d (UPPACH-013). Sus principales intereses en investigaci\u00f3n y desarrollo tecnol\u00f3gico consisten en las Nanociencias y las Nanotecnolog\u00edas, particularmente en s\u00edntesis convencionales y alternativas de nuevos materiales y nanomateriales para su aplicaci\u00f3n en salud, industria y energ\u00edas alternas. Ha sido responsable t\u00e9cnico de proyectos de Ciencia B\u00e1sica, Apoyos Complementarios de Equipamiento y de proyectos vinculados con empresas. Posee Perfil Deseable PRODEP, es miembro del Sistema Nacional de Investigadores (SNI) Nivel I y de la Red Nacional de Nanociencias y Nanotecnolog\u00edas.<\/p>\n<p>[\/vc_toggle][\/vc_column_inner][\/vc_row_inner][\/vc_column][\/vc_row]<\/p>\n<\/section>","protected":false},"excerpt":{"rendered":"<p>[vc_row][vc_column][vc_custom_heading text=&#8221;Talleres&#8221; use_theme_fonts=&#8221;yes&#8221;][\/vc_column][\/vc_row][vc_row][vc_column][vc_single_image image=&#8221;5634&#8243; img_size=&#8221;full&#8221;][vc_row_inner][vc_column_inner][vc_toggle title=&#8221;20\/10\/2025 &#8211; Dr. Omar Saucedo Vigueras &#8211; An\u00e1lisis neuropsicoanal\u00edtico de la latencia del sue\u00f1o en mujeres que viven con c\u00e1ncer de mama&#8221;] Dr. Omar Saucedo Vigueras Psicoterapeuta Psicoanal\u00edtico y Psicoonc\u00f3logo Paliativista: FUCAM (Fundaci\u00f3n de c\u00e1ncer de mama) \u201cAn\u00e1lisis neuropsicoanal\u00edtico de la latencia del sue\u00f1o en mujeres que viven con c\u00e1ncer [&hellip;]<\/p>\n","protected":false},"author":1,"featured_media":0,"parent":4066,"menu_order":0,"comment_status":"closed","ping_status":"closed","template":"","meta":{"footnotes":""},"class_list":["post-5628","page","type-page","status-publish","hentry"],"_links":{"self":[{"href":"https:\/\/condican.upiita.ipn.mx\/index.php\/wp-json\/wp\/v2\/pages\/5628","targetHints":{"allow":["GET"]}}],"collection":[{"href":"https:\/\/condican.upiita.ipn.mx\/index.php\/wp-json\/wp\/v2\/pages"}],"about":[{"href":"https:\/\/condican.upiita.ipn.mx\/index.php\/wp-json\/wp\/v2\/types\/page"}],"author":[{"embeddable":true,"href":"https:\/\/condican.upiita.ipn.mx\/index.php\/wp-json\/wp\/v2\/users\/1"}],"replies":[{"embeddable":true,"href":"https:\/\/condican.upiita.ipn.mx\/index.php\/wp-json\/wp\/v2\/comments?post=5628"}],"version-history":[{"count":11,"href":"https:\/\/condican.upiita.ipn.mx\/index.php\/wp-json\/wp\/v2\/pages\/5628\/revisions"}],"predecessor-version":[{"id":5640,"href":"https:\/\/condican.upiita.ipn.mx\/index.php\/wp-json\/wp\/v2\/pages\/5628\/revisions\/5640"}],"up":[{"embeddable":true,"href":"https:\/\/condican.upiita.ipn.mx\/index.php\/wp-json\/wp\/v2\/pages\/4066"}],"wp:attachment":[{"href":"https:\/\/condican.upiita.ipn.mx\/index.php\/wp-json\/wp\/v2\/media?parent=5628"}],"curies":[{"name":"wp","href":"https:\/\/api.w.org\/{rel}","templated":true}]}}