{"id":5618,"date":"2025-10-16T14:11:29","date_gmt":"2025-10-16T20:11:29","guid":{"rendered":"https:\/\/condican.upiita.ipn.mx\/?page_id=5618"},"modified":"2025-10-16T14:18:26","modified_gmt":"2025-10-16T20:18:26","slug":"asociaciones","status":"publish","type":"page","link":"https:\/\/condican.upiita.ipn.mx\/index.php\/actividades\/asociaciones\/","title":{"rendered":"Asociaciones"},"content":{"rendered":"<section class=\"wpb-content-wrapper\"><p>[vc_row][vc_column][vc_custom_heading text=&#8221;Asociaciones&#8221; use_theme_fonts=&#8221;yes&#8221;][\/vc_column][\/vc_row][vc_row][vc_column][vc_single_image image=&#8221;5624&#8243; img_size=&#8221;full&#8221;][vc_row_inner][vc_column_inner][vc_toggle title=&#8221;13:20-14:00 &#8211; Dra. Catherine Vargas Morales&#8221;]<\/p>\n<div class=\"row\">\n<div class=\"col-md-6\">\n<p style=\"text-align: justify;\"><strong>Semblanza<\/strong><\/p>\n<p style=\"text-align: justify;\">M\u00e9dico cirujano- facultad de estudios superiores Iztacala.<\/p>\n<p style=\"text-align: justify;\">Maestr\u00eda en educaci\u00f3n sexual y sexolog\u00eda cl\u00ednica- centro integral de sexualidad y educaci\u00f3n sexual.<\/p>\n<p style=\"text-align: justify;\">Diplomado en colposcop\u00eda diagn\u00f3stica y terap\u00e9utica &#8211; UNAM &#8211; fundaci\u00f3n cruz talonia.<\/p>\n<p style=\"text-align: justify;\">Diplomado en ginecolog\u00eda y medicina l\u00e1ser regenerativa y funcional- universidad de zacatecas-comegico.<\/p>\n<p style=\"text-align: justify;\">Diplomado en terapia hormonal y medicina funcional- universidad de zacatecas-comegico.<\/p>\n<p style=\"text-align: justify;\">Diplomado en fisioterapia y rehabilitaci\u00f3n en piso p\u00e9lvico &#8211; universidad M\u00e9xico americana del golfo.<\/p>\n<p style=\"text-align: justify;\">Cursando master en manejo integral y multidisciplinario de la menopausia- inper.<\/p>\n<\/div>\n<div class=\"col-md-6\"><center><img decoding=\"async\" src=\"\/wp-content\/uploads\/2025\/10\/Catherine-Vargas.jpg\" alt=\"Catherine-Vargas\" \/><\/center><\/p>\n<p style=\"text-align: center;\"><strong>Dra. Catherine Vargas Morales<\/strong><br \/>\nM\u00e9dico colposcopista y sex\u00f3loga cl\u00ednica.<br \/>\nDirectora general de salud integral femenina, Coordinadora estatal de mamas doctoras A.C., CDMX<\/p>\n<p style=\"text-align: center;\">13:20-14:00<\/p>\n<\/div>\n<\/div>\n<p>[\/vc_toggle][\/vc_column_inner][\/vc_row_inner][\/vc_column][\/vc_row][vc_row][vc_column][vc_single_image image=&#8221;5613&#8243; img_size=&#8221;full&#8221;][vc_row_inner][vc_column_inner][vc_toggle title=&#8221;12:50-13:30 &#8211; C. Sergio Valencia Camarena &#8211; Hablar de c\u00e1ncer es hablar de vida: conciencia y sensibilidad ante el dolor humano&#8221;]<\/p>\n<div class=\"row\">\n<div class=\"col-md-6\">\n<p style=\"text-align: justify;\"><strong>Semblanza<\/strong><\/p>\n<p style=\"text-align: justify;\">Sergio Valencia Camarena es cofundador de la Fundaci\u00f3n Nicoatole, una organizaci\u00f3n comprometida con brindar apoyo a ni\u00f1os, ni\u00f1as, adultos y familias que enfrentan enfermedades oncol\u00f3gicas y situaciones de vulnerabilidad. Su labor se ha caracterizado por la sensibilidad, el compromiso y la gesti\u00f3n solidaria en favor de quienes m\u00e1s lo necesitan.<\/p>\n<p style=\"text-align: justify;\">A lo largo de su trayectoria, ha impulsado proyectos de asistencia social, campa\u00f1as de donaci\u00f3n y programas de acompa\u00f1amiento emocional que reflejan su firme convicci\u00f3n de que la empat\u00eda y la acci\u00f3n pueden transformar vidas.<\/p>\n<p style=\"text-align: justify;\">Con una visi\u00f3n humanista y una gran capacidad para sumar voluntades, Sergio ha contribuido a fortalecer redes de apoyo comunitario y a inspirar a otros a participar activamente en causas sociales.<\/p>\n<p>Su trabajo dentro de la Fundaci\u00f3n Nicoatole es testimonio de su vocaci\u00f3n de servicio y de su compromiso con la esperanza, la dignidad y la vida.<\/p>\n<\/div>\n<div class=\"col-md-6\"><center><img decoding=\"async\" src=\"\/wp-content\/uploads\/2025\/10\/Sergio-Valencia.jpg\" alt=\"Sergio-Valencia\" \/><\/center><\/p>\n<p style=\"text-align: center;\"><strong>C. Sergio Valencia Camarena<\/strong><br \/>\nPresidente del Consejo Directivo<\/p>\n<p style=\"text-align: center;\"><strong>\u201cHablar de c\u00e1ncer es hablar de vida: conciencia y sensibilidad ante el dolor humano&#8221;\u00a0<\/strong><\/p>\n<p style=\"text-align: center;\">12:50-13:30<\/p>\n<\/div>\n<\/div>\n<p>[\/vc_toggle][\/vc_column_inner][\/vc_row_inner][\/vc_column][\/vc_row]<\/p>\n<\/section>","protected":false},"excerpt":{"rendered":"<p>[vc_row][vc_column][vc_custom_heading text=&#8221;Asociaciones&#8221; use_theme_fonts=&#8221;yes&#8221;][\/vc_column][\/vc_row][vc_row][vc_column][vc_single_image image=&#8221;5624&#8243; img_size=&#8221;full&#8221;][vc_row_inner][vc_column_inner][vc_toggle title=&#8221;13:20-14:00 &#8211; Dra. Catherine Vargas Morales&#8221;] Semblanza M\u00e9dico cirujano- facultad de estudios superiores Iztacala. Maestr\u00eda en educaci\u00f3n sexual y sexolog\u00eda cl\u00ednica- centro integral de sexualidad y educaci\u00f3n sexual. Diplomado en colposcop\u00eda diagn\u00f3stica y terap\u00e9utica &#8211; UNAM &#8211; fundaci\u00f3n cruz talonia. Diplomado en ginecolog\u00eda y medicina l\u00e1ser regenerativa y funcional- universidad [&hellip;]<\/p>\n","protected":false},"author":1,"featured_media":0,"parent":4066,"menu_order":0,"comment_status":"closed","ping_status":"closed","template":"","meta":{"footnotes":""},"class_list":["post-5618","page","type-page","status-publish","hentry"],"_links":{"self":[{"href":"https:\/\/condican.upiita.ipn.mx\/index.php\/wp-json\/wp\/v2\/pages\/5618","targetHints":{"allow":["GET"]}}],"collection":[{"href":"https:\/\/condican.upiita.ipn.mx\/index.php\/wp-json\/wp\/v2\/pages"}],"about":[{"href":"https:\/\/condican.upiita.ipn.mx\/index.php\/wp-json\/wp\/v2\/types\/page"}],"author":[{"embeddable":true,"href":"https:\/\/condican.upiita.ipn.mx\/index.php\/wp-json\/wp\/v2\/users\/1"}],"replies":[{"embeddable":true,"href":"https:\/\/condican.upiita.ipn.mx\/index.php\/wp-json\/wp\/v2\/comments?post=5618"}],"version-history":[{"count":5,"href":"https:\/\/condican.upiita.ipn.mx\/index.php\/wp-json\/wp\/v2\/pages\/5618\/revisions"}],"predecessor-version":[{"id":5626,"href":"https:\/\/condican.upiita.ipn.mx\/index.php\/wp-json\/wp\/v2\/pages\/5618\/revisions\/5626"}],"up":[{"embeddable":true,"href":"https:\/\/condican.upiita.ipn.mx\/index.php\/wp-json\/wp\/v2\/pages\/4066"}],"wp:attachment":[{"href":"https:\/\/condican.upiita.ipn.mx\/index.php\/wp-json\/wp\/v2\/media?parent=5618"}],"curies":[{"name":"wp","href":"https:\/\/api.w.org\/{rel}","templated":true}]}}