{"id":5595,"date":"2025-10-16T13:07:31","date_gmt":"2025-10-16T19:07:31","guid":{"rendered":"https:\/\/condican.upiita.ipn.mx\/?page_id=5595"},"modified":"2025-10-16T13:41:06","modified_gmt":"2025-10-16T19:41:06","slug":"conferencias","status":"publish","type":"page","link":"https:\/\/condican.upiita.ipn.mx\/index.php\/actividades\/conferencias\/","title":{"rendered":"Conferencias"},"content":{"rendered":"<section class=\"wpb-content-wrapper\"><p>[vc_row][vc_column][vc_custom_heading text=&#8221;Conferencias Plenarias&#8221; use_theme_fonts=&#8221;yes&#8221;][\/vc_column][\/vc_row][vc_row][vc_column][vc_single_image image=&#8221;5603&#8243; img_size=&#8221;full&#8221;][vc_row_inner][vc_column_inner][vc_toggle title=&#8221;10:30-11:30 &#8211; Dr. V\u00edctor Manuel Valdespino G\u00f3mez &#8211; Interrelaci\u00f3n entre las Bioingenier\u00edas y la Medicina Personalizada. El modelo de la Oncolog\u00eda Personalizada de Precisi\u00f3n&#8221;]<\/p>\n<div class=\"row\">\n<div class=\"col-md-6\">\n<p style=\"text-align: justify;\"><strong>Semblanza<\/strong><\/p>\n<p style=\"text-align: justify;\">\n<\/div>\n<div class=\"col-md-6\"><center><img decoding=\"async\" src=\"\/wp-content\/uploads\/2025\/10\/user.jpg\" alt=\"Victor-Manuel-Valdespino-Gomez\" \/><\/center><\/p>\n<p style=\"text-align: center;\"><strong>Dr. V\u00edctor Manuel Valdespino G\u00f3mez<\/strong><br \/>\nUAM (Xochimilco) &#8211; Onc\u00f3logo<\/p>\n<p style=\"text-align: center;\"><strong>\u201cInterrelaci\u00f3n entre las Bioingenier\u00edas y la Medicina Personalizada. El modelo de la Oncolog\u00eda Personalizada de Precisi\u00f3n&#8221;\u00a0<\/strong><\/p>\n<p style=\"text-align: center;\">10:30-11:30<\/p>\n<\/div>\n<\/div>\n<p>[\/vc_toggle][\/vc_column_inner][\/vc_row_inner][\/vc_column][\/vc_row][vc_row][vc_column][vc_single_image image=&#8221;5610&#8243; img_size=&#8221;full&#8221;][vc_row_inner][vc_column_inner][vc_toggle title=&#8221;11:00-12:00 &#8211; Dr. Emilio C\u00f3rdova Alarc\u00f3n &#8211; Interrelaci\u00f3n entre las Bioingenier\u00edas y la Medicina Personalizada. El modelo de la Oncolog\u00eda Personalizada de Precisi\u00f3n&#8221;]<\/p>\n<div class=\"row\">\n<div class=\"col-md-6\">\n<p style=\"text-align: justify;\"><strong>Semblanza<\/strong><\/p>\n<p style=\"text-align: justify;\">El Dr. C\u00f3rdova curs\u00f3 la licenciatura de Biolog\u00eda en la Facultad de Ciencias de la Universidad Nacional Aut\u00f3noma de M\u00e9xico, obtuvo los grados de maestr\u00eda y doctorado en ciencias en el departamento de Biomedicina Molecular del Centro de Investigaci\u00f3n y de Estudios Avanzados del Instituto Polit\u00e9cnico Nacional. Posteriormente, realiz\u00f3 estancias posdoctorales en el laboratorio de Prote\u00f3mica M\u00e9dica en el Instituto de Investigaciones Biom\u00e9dicas de la UNAM y en el laboratorio de Toxicogen\u00f3mica del mismo Instituto.<br \/>\nA partir de 2005 se incorpor\u00f3 como investigador del Instituto Nacional de Medicina Gen\u00f3mica, donde colabora en las l\u00edneas de investigaci\u00f3n de gen\u00f3mica del c\u00e1ncer y gen\u00f3mica de enfermedades autoinmunes. Ha publicado 4 cap\u00edtulos de libro y 60 art\u00edculos de investigaci\u00f3n en revistas nacionales e internacionales del m\u00e1s alto impacto, tales como Nature, Cell, Journal of the American Medical Association, entre otras. Es parte del Comit\u00e9 Editorial de la revista oficial de los Institutos Nacionales de Salud en M\u00e9xico: Clinical and Translational Investigation. Destaca su participaci\u00f3n como miembro del Consorcio SIGMA y como miembro fundador del INMEGEN.<\/p>\n<p style=\"text-align: justify;\">Ha dirigido 25 proyectos de tesis, que incluyen 5 de doctorado, 10 de maestr\u00eda, 5 de especialidad y 5 de licenciatura. Desde 2007 es profesor del Posgrado de Ciencias Biol\u00f3gicas de la UNAM y actualmente es Director de Investigaci\u00f3n del INMEGEN y miembro del Sistema Nacional de Investigadores (SNI) Nivel 2.<\/p>\n<\/div>\n<div class=\"col-md-6\"><center><img decoding=\"async\" src=\"\/wp-content\/uploads\/2025\/10\/Emilio-Cordova.jpg\" alt=\"Emilio-Cordova-Alarcon\" \/><\/center><\/p>\n<p style=\"text-align: center;\"><strong>Dr. Emilio C\u00f3rdova Alarc\u00f3n<\/strong><br \/>\nUAM (Xochimilco) &#8211; Onc\u00f3logo<\/p>\n<p style=\"text-align: center;\"><strong>\u201cInterrelaci\u00f3n entre las Bioingenier\u00edas y la Medicina Personalizada. El modelo de la Oncolog\u00eda Personalizada de Precisi\u00f3n&#8221;\u00a0<\/strong><\/p>\n<p style=\"text-align: center;\">11:00-12:00<\/p>\n<\/div>\n<\/div>\n<p>[\/vc_toggle][\/vc_column_inner][\/vc_row_inner][\/vc_column][\/vc_row][vc_row][vc_column][vc_single_image image=&#8221;5609&#8243; img_size=&#8221;full&#8221;][vc_row_inner][vc_column_inner][vc_toggle title=&#8221;11:00-12:00 &#8211; Dra. Jazmin Marlen P\u00e9rez Rojas &#8211; Metabolitos secundarios: alternativas prometedoras para el desarrollo de f\u00e1rmacos anticancer\u00edgenos&#8221;]<\/p>\n<div class=\"row\">\n<div class=\"col-md-6\">\n<p style=\"text-align: justify;\"><strong>Semblanza<\/strong><\/p>\n<p style=\"text-align: justify;\">La Dra. Jazmin Marlen P\u00e9rez Rojas es Investigadora en Ciencias M\u00e9dicas \u201cD\u201d en el Instituto Nacional de Cancerolog\u00eda. Es Qu\u00edmico Farmac\u00e9utico Bi\u00f3logo por la Universidad Michoacana de San Nicol\u00e1s de Hidalgo, con maestr\u00eda en Farmacolog\u00eda por el CINVESTAV y doctorado en Ciencias Biom\u00e9dicas por la UNAM, donde obtuvo Menci\u00f3n Honor\u00edfica y la Medalla \u201cAlfonso Caso\u201d.<\/p>\n<p style=\"text-align: justify;\">Ha realizado estancias posdoctorales en el Hospital Henry Ford (EE.UU.) y en la Facultad de Qu\u00edmica de la UNAM. Es miembro del Sistema Nacional de Investigadores, nivel I. Cuenta con m\u00e1s de 20 publicaciones cient\u00edficas, dos cap\u00edtulos de libro y m\u00e1s de 2,000 citas. Ha participado en m\u00e1s de 50 congresos y ha dirigido tesis en distintos niveles acad\u00e9micos.<\/p>\n<p style=\"text-align: justify;\">Su investigaci\u00f3n se ha enfocado en el estudio del c\u00e1ncer, particularmente en su relaci\u00f3n con la diabetes y el potencial terap\u00e9utico de las plantas medicinales.<\/p>\n<\/div>\n<div class=\"col-md-6\"><center><img decoding=\"async\" src=\"\/wp-content\/uploads\/2025\/10\/Jazmin-Perez.jpg\" alt=\"Jazmin-Perez\" \/><\/center><\/p>\n<p style=\"text-align: center;\"><strong>Dra. Jazmin Marlen P\u00e9rez Rojas<\/strong><br \/>\nInvestigador en Ciencias M\u00e9dicas D<br \/>\nInstituto Nacional de Cancerolog\u00eda<\/p>\n<p style=\"text-align: center;\"><strong>\u201cMetabolitos secundarios: alternativas prometedoras para el desarrollo de f\u00e1rmacos anticancer\u00edgenos&#8221;\u00a0<\/strong><\/p>\n<p style=\"text-align: center;\">11:00-12:00<\/p>\n<\/div>\n<\/div>\n<p>[\/vc_toggle][\/vc_column_inner][\/vc_row_inner][\/vc_column][\/vc_row][vc_row][vc_column][vc_single_image image=&#8221;5613&#8243; img_size=&#8221;full&#8221;][vc_row_inner][vc_column_inner][vc_toggle title=&#8221;11:00-12:00 &#8211; Dra. Zaira Col\u00edn Val &#8211; Del mito a la toxicolog\u00eda oncol\u00f3gica: historia, cardiotoxicidad y nuevos desaf\u00edos frente al c\u00e1ncer&#8221;]<\/p>\n<div class=\"row\">\n<div class=\"col-md-6\">\n<p style=\"text-align: justify;\"><strong>Semblanza<\/strong><\/p>\n<p style=\"text-align: justify;\">Dra. Zaira Col\u00edn Val es especialista en toxicolog\u00eda celular y molecular, con \u00e9nfasis en c\u00e1ncer y cardiotoxicidad. Obtuvo la Licenciatura en Biolog\u00eda, la Maestr\u00eda en Biolog\u00eda de la Reproducci\u00f3n Animal y el Doctorado en Ciencias Biol\u00f3gicas y de la Salud en la Universidad Aut\u00f3noma Metropolitana, donde recibi\u00f3 la Medalla al M\u00e9rito Universitario en 2022.<\/p>\n<p style=\"text-align: justify;\">Su investigaci\u00f3n se centra en el efecto de compuestos bioactivos, nanopart\u00edculas y contaminantes ambientales en c\u00e9lulas cancerosas y cardiacas, analizando procesos clave como apoptosis, migraci\u00f3n, autofagia y resistencia tumoral. Sus resultados han sido publicados en revistas internacionales indexadas y en cap\u00edtulos de libro especializados.<\/p>\n<p style=\"text-align: justify;\">Es miembro del Sistema Nacional de Investigadoras e Investigadores (SNII), Nivel I y ha colaborado con el Instituto Nacional de Cardiolog\u00eda Ignacio Ch\u00e1vez en proyectos relacionados con cardiotoxicidad inducida por f\u00e1rmacos y nanomateriales. Asimismo, ha participado en la formaci\u00f3n de estudiantes, dirigiendo y codirigiendo tesis en biolog\u00eda celular, molecular y toxicolog\u00eda, adem\u00e1s de impartir cursos en programas de medicina e ingenier\u00eda. Su trayectoria combina investigaci\u00f3n, docencia y divulgaci\u00f3n cient\u00edfica, con un marcado inter\u00e9s en acercar el conocimiento sobre c\u00e1ncer, toxicolog\u00eda y salud ambiental a la sociedad.<\/p>\n<\/div>\n<div class=\"col-md-6\"><center><img decoding=\"async\" src=\"\/wp-content\/uploads\/2025\/10\/Zaira-Colin.jpg\" alt=\"Zaira-Colin\" \/><\/center><\/p>\n<p style=\"text-align: center;\"><strong>Dra. Zaira Col\u00edn Val<\/strong><br \/>\nCentro Universitario del Sur, Universidad de Guadalajara<\/p>\n<p style=\"text-align: center;\"><strong>\u201cDel mito a la toxicolog\u00eda oncol\u00f3gica: historia, cardiotoxicidad y nuevos desaf\u00edos frente al c\u00e1ncer&#8221;\u00a0<\/strong><\/p>\n<p style=\"text-align: center;\">11:00-12:00<\/p>\n<\/div>\n<\/div>\n<p>[\/vc_toggle][\/vc_column_inner][\/vc_row_inner][\/vc_column][\/vc_row]<\/p>\n<\/section>","protected":false},"excerpt":{"rendered":"<p>[vc_row][vc_column][vc_custom_heading text=&#8221;Conferencias Plenarias&#8221; use_theme_fonts=&#8221;yes&#8221;][\/vc_column][\/vc_row][vc_row][vc_column][vc_single_image image=&#8221;5603&#8243; img_size=&#8221;full&#8221;][vc_row_inner][vc_column_inner][vc_toggle title=&#8221;10:30-11:30 &#8211; Dr. V\u00edctor Manuel Valdespino G\u00f3mez &#8211; Interrelaci\u00f3n entre las Bioingenier\u00edas y la Medicina Personalizada. El modelo de la Oncolog\u00eda Personalizada de Precisi\u00f3n&#8221;] Semblanza Dr. V\u00edctor Manuel Valdespino G\u00f3mez UAM (Xochimilco) &#8211; Onc\u00f3logo \u201cInterrelaci\u00f3n entre las Bioingenier\u00edas y la Medicina Personalizada. El modelo de la Oncolog\u00eda Personalizada de [&hellip;]<\/p>\n","protected":false},"author":1,"featured_media":0,"parent":4066,"menu_order":0,"comment_status":"closed","ping_status":"closed","template":"","meta":{"footnotes":""},"class_list":["post-5595","page","type-page","status-publish","hentry"],"_links":{"self":[{"href":"https:\/\/condican.upiita.ipn.mx\/index.php\/wp-json\/wp\/v2\/pages\/5595","targetHints":{"allow":["GET"]}}],"collection":[{"href":"https:\/\/condican.upiita.ipn.mx\/index.php\/wp-json\/wp\/v2\/pages"}],"about":[{"href":"https:\/\/condican.upiita.ipn.mx\/index.php\/wp-json\/wp\/v2\/types\/page"}],"author":[{"embeddable":true,"href":"https:\/\/condican.upiita.ipn.mx\/index.php\/wp-json\/wp\/v2\/users\/1"}],"replies":[{"embeddable":true,"href":"https:\/\/condican.upiita.ipn.mx\/index.php\/wp-json\/wp\/v2\/comments?post=5595"}],"version-history":[{"count":11,"href":"https:\/\/condican.upiita.ipn.mx\/index.php\/wp-json\/wp\/v2\/pages\/5595\/revisions"}],"predecessor-version":[{"id":5616,"href":"https:\/\/condican.upiita.ipn.mx\/index.php\/wp-json\/wp\/v2\/pages\/5595\/revisions\/5616"}],"up":[{"embeddable":true,"href":"https:\/\/condican.upiita.ipn.mx\/index.php\/wp-json\/wp\/v2\/pages\/4066"}],"wp:attachment":[{"href":"https:\/\/condican.upiita.ipn.mx\/index.php\/wp-json\/wp\/v2\/media?parent=5595"}],"curies":[{"name":"wp","href":"https:\/\/api.w.org\/{rel}","templated":true}]}}