{"id":5354,"date":"2024-05-08T12:31:01","date_gmt":"2024-05-08T18:31:01","guid":{"rendered":"https:\/\/condican.upiita.ipn.mx\/?page_id=5354"},"modified":"2024-05-08T12:38:59","modified_gmt":"2024-05-08T18:38:59","slug":"hoteles","status":"publish","type":"page","link":"https:\/\/condican.upiita.ipn.mx\/index.php\/inicio\/hoteles\/","title":{"rendered":"Hoteles"},"content":{"rendered":"<section class=\"wpb-content-wrapper\"><p>[vc_row][vc_column][vc_custom_heading text=&#8221;Hoteles&#8221; font_container=&#8221;tag:h5|text_align:left&#8221; use_theme_fonts=&#8221;yes&#8221;][vc_column_text]Te compartimos algunos hoteles en los que te puedes hospedar, cercanos a la sede del evento.[\/vc_column_text][vc_row_inner][vc_column_inner width=&#8221;1\/2&#8243;][vc_column_text]<strong> Hotel Escala Central del Norte (hotel de 4 estrellas)<\/strong><\/p>\n<hr \/>\n<p>Ubicaci\u00f3n: Nte. 1-C 4835, Tlacamaca, Gustavo A. Madero, 07380 Ciudad de M\u00e9xico, CDMX<\/p>\n<p>Tel\u00e9fono: 55 7285 0098<\/p>\n<p>Costo por noche: 1154 (2 personas) y 1425 (4 personas)<\/p>\n<p>Tiempo del hotel a UPIITA en auto: 15 min[\/vc_column_text][\/vc_column_inner][vc_column_inner width=&#8221;1\/2&#8243;][vc_column_text]<iframe loading=\"lazy\" style=\"border: 0;\" src=\"https:\/\/www.google.com\/maps\/embed?pb=!1m18!1m12!1m3!1d7523.114309032662!2d-99.14204106898035!3d19.474651017109874!2m3!1f0!2f0!3f0!3m2!1i1024!2i768!4f13.1!3m3!1m2!1s0x85d21ce7601f431d%3A0x8d76a869c8c70b64!2sHotel%20Escala%20Central%20del%20Norte!5e0!3m2!1ses-419!2smx!4v1715196624632!5m2!1ses-419!2smx\" width=\"100%\" height=\"350\" allowfullscreen=\"allowfullscreen\"><\/iframe>[\/vc_column_text][\/vc_column_inner][\/vc_row_inner][vc_row_inner][vc_column_inner width=&#8221;1\/2&#8243;][vc_column_text]<strong>Hotel Panorama (hotel de 4 estrellas)<\/strong><\/p>\n<hr \/>\n<p>Ubicaci\u00f3n: Calle Platino 20, Valle G\u00f3mez, Cuauht\u00e9moc, 06240 Ciudad de M\u00e9xico, CDMX<\/p>\n<p>Tel\u00e9fono: 55 5537 1169<\/p>\n<p>Costo por noche: 430 (1 y 2 personas) y 630 (4 personas)<\/p>\n<p>Tiempo del hotel a UPIITA en auto: 19 min[\/vc_column_text][\/vc_column_inner][vc_column_inner width=&#8221;1\/2&#8243;][vc_column_text]<iframe loading=\"lazy\" style=\"border: 0;\" src=\"https:\/\/www.google.com\/maps\/embed?pb=!1m18!1m12!1m3!1d12653.93126558891!2d-99.1420783148011!3d19.45400283011253!2m3!1f0!2f0!3f0!3m2!1i1024!2i768!4f13.1!3m3!1m2!1s0x85d1f9158974c857%3A0x604895cd757844d0!2sHotel%20Panorama!5e0!3m2!1ses-419!2smx!4v1715196807202!5m2!1ses-419!2smx\" width=\"100%\" height=\"350\" allowfullscreen=\"allowfullscreen\"><\/iframe>[\/vc_column_text][\/vc_column_inner][\/vc_row_inner][vc_row_inner][vc_column_inner width=&#8221;1\/2&#8243;][vc_column_text]<strong> Hotel Brasilia (hotel de 4 estrellas)<\/strong><\/p>\n<hr \/>\n<p>Ubicaci\u00f3n: Av. de los 100 metros 4823 Ampliaci\u00f3n, Panamericana, Gustavo A. Madero, 07770 CDMX<\/p>\n<p>Tel\u00e9fono: 55 5587 8577<\/p>\n<p>Costo por noche: 1100 (2 personas) y 1600 (4 personas)<\/p>\n<p>Tiempo del hotel a UPIITA en auto: 15 min[\/vc_column_text][\/vc_column_inner][vc_column_inner width=&#8221;1\/2&#8243;][vc_column_text]<iframe loading=\"lazy\" style=\"border: 0;\" src=\"https:\/\/www.google.com\/maps\/embed?pb=!1m18!1m12!1m3!1d3761.5381793835!2d-99.14139742402813!3d19.475468339308918!2m3!1f0!2f0!3f0!3m2!1i1024!2i768!4f13.1!3m3!1m2!1s0x85d1f90695900f9b%3A0xced2bc68a3f16d01!2sHotel%20Brasilia!5e0!3m2!1ses-419!2smx!4v1715196876058!5m2!1ses-419!2smx\" width=\"100%\" height=\"350\" allowfullscreen=\"allowfullscreen\"><\/iframe>[\/vc_column_text][\/vc_column_inner][\/vc_row_inner][vc_row_inner][vc_column_inner width=&#8221;1\/2&#8243;][vc_column_text]<strong> Avenida El Patio CDMX (hotel de 4 estrellas)<\/strong><\/p>\n<hr \/>\n<p>Ubicaci\u00f3n: Av. Insurgentes Nte. 734, Santa Mar\u00eda Insurgentes, Cuauht\u00e9moc, 06430 Ciudad de M\u00e9xico, CDMX<\/p>\n<p>Tel\u00e9fono: 55 5583 3237<\/p>\n<p>Costo por noche: 504 (1 persona), 560 (2 personas) y 839 (4 personas)<\/p>\n<p>Tiempo del hotel a UPIITA en auto: 15 min[\/vc_column_text][\/vc_column_inner][vc_column_inner width=&#8221;1\/2&#8243;][vc_column_text]<iframe loading=\"lazy\" style=\"border: 0;\" src=\"https:\/\/www.google.com\/maps\/embed?pb=!1m18!1m12!1m3!1d3761.8324563155475!2d-99.14755882402834!3d19.462789139714626!2m3!1f0!2f0!3f0!3m2!1i1024!2i768!4f13.1!3m3!1m2!1s0x85d1f91dfb3d757b%3A0x3f77018fa833b8db!2sAv.%20Insurgentes%20Nte.%20734%2C%20Santa%20Mar%C3%ADa%20Insurgentes%2C%20Cuauht%C3%A9moc%2C%2006430%20Ciudad%20de%20M%C3%A9xico%2C%20CDMX!5e0!3m2!1ses-419!2smx!4v1715196974319!5m2!1ses-419!2smx\" width=\"100%\" height=\"350\" allowfullscreen=\"allowfullscreen\"><\/iframe>[\/vc_column_text][\/vc_column_inner][\/vc_row_inner][vc_row_inner][vc_column_inner width=&#8221;1\/2&#8243;][vc_column_text]<strong> Hotel Torremolinos (hotel de 4 estrellas)<\/strong><\/p>\n<hr \/>\n<p>Ubicaci\u00f3n: Av. Cuitl\u00e1huac 339, Pro Hogar, Azcapotzalco, 02600 Ciudad de M\u00e9xico, CDMX<\/p>\n<p>Tel\u00e9fono: 55 5355 9590<\/p>\n<p>Costo por noche: 614 (1 o 2 personas) y 1127 (4 personas)<\/p>\n<p>Tiempo del hotel a UPIITA en auto: 19 min[\/vc_column_text][\/vc_column_inner][vc_column_inner width=&#8221;1\/2&#8243;][vc_column_text]<iframe loading=\"lazy\" style=\"border: 0;\" src=\"https:\/\/www.google.com\/maps\/embed?pb=!1m18!1m12!1m3!1d3761.5731725965124!2d-99.1612504240282!3d19.473961039357135!2m3!1f0!2f0!3f0!3m2!1i1024!2i768!4f13.1!3m3!1m2!1s0x85d1f8f1513679a3%3A0xa4d5dd205b99d8f5!2sHotel%20Torremolinos!5e0!3m2!1ses-419!2smx!4v1715197032462!5m2!1ses-419!2smx\" width=\"100%\" height=\"350\" allowfullscreen=\"allowfullscreen\"><\/iframe>[\/vc_column_text][\/vc_column_inner][\/vc_row_inner][\/vc_column][\/vc_row]<\/p>\n<\/section>","protected":false},"excerpt":{"rendered":"<p>[vc_row][vc_column][vc_custom_heading text=&#8221;Hoteles&#8221; font_container=&#8221;tag:h5|text_align:left&#8221; use_theme_fonts=&#8221;yes&#8221;][vc_column_text]Te compartimos algunos hoteles en los que te puedes hospedar, cercanos a la sede del evento.[\/vc_column_text][vc_row_inner][vc_column_inner width=&#8221;1\/2&#8243;][vc_column_text] Hotel Escala Central del Norte (hotel de 4 estrellas) Ubicaci\u00f3n: Nte. 1-C 4835, Tlacamaca, Gustavo A. Madero, 07380 Ciudad de M\u00e9xico, CDMX Tel\u00e9fono: 55 7285 0098 Costo por noche: 1154 (2 personas) y 1425 (4 [&hellip;]<\/p>\n","protected":false},"author":1,"featured_media":0,"parent":3850,"menu_order":0,"comment_status":"closed","ping_status":"closed","template":"","meta":{"footnotes":""},"class_list":["post-5354","page","type-page","status-publish","hentry"],"_links":{"self":[{"href":"https:\/\/condican.upiita.ipn.mx\/index.php\/wp-json\/wp\/v2\/pages\/5354","targetHints":{"allow":["GET"]}}],"collection":[{"href":"https:\/\/condican.upiita.ipn.mx\/index.php\/wp-json\/wp\/v2\/pages"}],"about":[{"href":"https:\/\/condican.upiita.ipn.mx\/index.php\/wp-json\/wp\/v2\/types\/page"}],"author":[{"embeddable":true,"href":"https:\/\/condican.upiita.ipn.mx\/index.php\/wp-json\/wp\/v2\/users\/1"}],"replies":[{"embeddable":true,"href":"https:\/\/condican.upiita.ipn.mx\/index.php\/wp-json\/wp\/v2\/comments?post=5354"}],"version-history":[{"count":5,"href":"https:\/\/condican.upiita.ipn.mx\/index.php\/wp-json\/wp\/v2\/pages\/5354\/revisions"}],"predecessor-version":[{"id":5359,"href":"https:\/\/condican.upiita.ipn.mx\/index.php\/wp-json\/wp\/v2\/pages\/5354\/revisions\/5359"}],"up":[{"embeddable":true,"href":"https:\/\/condican.upiita.ipn.mx\/index.php\/wp-json\/wp\/v2\/pages\/3850"}],"wp:attachment":[{"href":"https:\/\/condican.upiita.ipn.mx\/index.php\/wp-json\/wp\/v2\/media?parent=5354"}],"curies":[{"name":"wp","href":"https:\/\/api.w.org\/{rel}","templated":true}]}}