{"id":5312,"date":"2024-05-03T15:09:12","date_gmt":"2024-05-03T21:09:12","guid":{"rendered":"https:\/\/condican.upiita.ipn.mx\/?page_id=5312"},"modified":"2025-08-20T12:32:18","modified_gmt":"2025-08-20T17:32:18","slug":"organizadores-de-simposios","status":"publish","type":"page","link":"https:\/\/condican.upiita.ipn.mx\/index.php\/comite-2025\/organizadores-de-simposios\/","title":{"rendered":"Organizadores de simposios"},"content":{"rendered":"<section class=\"wpb-content-wrapper\"><p>[vc_row][vc_column][vc_row_inner][vc_column_inner][gva_block_heading title=&#8221;Organizadores de simposios&#8221; style=&#8221;style-2&#8243; align=&#8221;align-left&#8221;][vc_column_text]<\/p>\n<table class=\"table table-striped\">\n<tbody>\n<tr>\n<td colspan=\"5\"><strong>CON-A : Nanomateriales Funcionales y Nanocompuestos Avanzados en el Tratamiento del C\u00e1ncer<\/strong><\/td>\n<\/tr>\n<tr>\n<td><center><img decoding=\"async\" src=\"\/wp-content\/uploads\/2025\/08\/Goldie-Harikrishna-Oza.jpg\" \/><br \/>\nDr. Goldie Harikrishna Oza<br \/>\nCIDETEQ<\/center><\/td>\n<td><center><img decoding=\"async\" src=\"\/wp-content\/uploads\/2025\/08\/Beatriz-Liliana-Espana-Sanchez.jpg\" \/><br \/>\nDra. Beatriz Liliana Espa\u00f1a Sanchez<br \/>\nCIDETEQ<\/center><\/td>\n<td><\/td>\n<td><\/td>\n<td><\/td>\n<\/tr>\n<tr>\n<td colspan=\"5\"><strong>CON-B: Diagn\u00f3stico Oncol\u00f3gico Basado en Biomarcadores Moleculares y Nanotecnolog\u00eda Aplicada<\/strong><\/td>\n<\/tr>\n<tr>\n<td><center><img decoding=\"async\" src=\"\/wp-content\/uploads\/2025\/08\/Florinda-Jimenez-Vega.jpg\" \/><br \/>\nDra.Florinda Jim\u00e9nez Vega<br \/>\nUniversidad Aut\u00f3noma de Ciudad Ju\u00e1rez<\/center><\/td>\n<td><center><img decoding=\"async\" src=\"\/wp-content\/uploads\/2025\/08\/Alejandro-Martinez-Martinez.jpg\" \/><br \/>\nDr. Alejandro Mart\u00ednez Mart\u00ednez<br \/>\nUniversidad Aut\u00f3noma de Ciudad Ju\u00e1rez<\/center><\/td>\n<td><center><img decoding=\"async\" src=\"\/wp-content\/uploads\/2025\/08\/Mauricio-Salcedo-Vargas.jpg\" \/><br \/>\nDr. Mauricio Salcedo Vargas<br \/>\nInstituto Mexicano del Seguro Social<\/center><\/td>\n<td><center><img decoding=\"async\" src=\"\/wp-content\/uploads\/2025\/08\/Isui-Abril-Garcia-Montoya.jpg\" \/><br \/>\nDra. Isui Abril Garcia Montoy<br \/>\nUniversidad Aut\u00f3noma de Ciudad Ju\u00e1rez<\/center><\/td>\n<td><center><img decoding=\"async\" src=\"\/wp-content\/uploads\/2025\/08\/Flor-Daniela-Alday-Montanez.jpg\" \/><br \/>\nM.C. Flor Daniela Alday Monta\u00f1ez<br \/>\nUniversidad Aut\u00f3noma de Ciudad Ju\u00e1rez<\/center><\/td>\n<\/tr>\n<tr>\n<td colspan=\"5\"><strong>CON-C: Biomarcadores de Precisi\u00f3n y Plataformas Avanzadas para Diagn\u00f3stico Personalizado del C\u00e1ncer<\/strong><\/td>\n<\/tr>\n<tr>\n<td><center><img decoding=\"async\" src=\"\/wp-content\/uploads\/2025\/08\/Paul-Mondragon-Teran.jpg\" \/><br \/>\nDr. Paul Mondrag\u00f3n Ter\u00e1n<br \/>\nCICATA Morelos<\/center><\/td>\n<td><center><img decoding=\"async\" src=\"\/wp-content\/uploads\/2025\/08\/Monica-Escamilla-Tilch.jpg\" \/><br \/>\nDra. M\u00f3nica Escamilla Tilch<br \/>\nCICATA Morelos<\/center><\/td>\n<td><center><img decoding=\"async\" src=\"\/wp-content\/uploads\/2025\/08\/David-Alejandro-Rivera-Miranda.jpg\" \/><br \/>\nDr. David Alejandro Rivera Miranda<br \/>\nCICATA Morelos<\/center><\/td>\n<td><\/td>\n<td><\/td>\n<\/tr>\n<tr>\n<td colspan=\"5\"><strong>CON-D: Interacciones din\u00e1micas en el c\u00e1ncer: desde la heterogeneidad tumoral hasta la medicina de precisi\u00f3n<\/strong><\/td>\n<\/tr>\n<tr>\n<td><center><img decoding=\"async\" src=\"\/wp-content\/uploads\/2025\/08\/Magali-Espinosa.jpg\" \/><br \/>\nDra. Magali Espinosa Castilla<br \/>\nInstituto Nacional de Medicina Gen\u00f3mica<\/center><\/td>\n<td><center><img decoding=\"async\" src=\"\/wp-content\/uploads\/2025\/08\/Gretel-Mendoza.jpg\" \/><br \/>\nDra. Gretel Mendoza Almanza<br \/>\nInstituto Nacional de Medicina Gen\u00f3mica<\/center><\/td>\n<td><\/td>\n<td><\/td>\n<td><\/td>\n<\/tr>\n<\/tbody>\n<\/table>\n<p>[\/vc_column_text][vc_separator][\/vc_column_inner][\/vc_row_inner][\/vc_column][\/vc_row]<\/p>\n<\/section>","protected":false},"excerpt":{"rendered":"<p>[vc_row][vc_column][vc_row_inner][vc_column_inner][gva_block_heading title=&#8221;Organizadores de simposios&#8221; style=&#8221;style-2&#8243; align=&#8221;align-left&#8221;][vc_column_text] CON-A : Nanomateriales Funcionales y Nanocompuestos Avanzados en el Tratamiento del C\u00e1ncer Dr. Goldie Harikrishna Oza CIDETEQ Dra. Beatriz Liliana Espa\u00f1a Sanchez CIDETEQ CON-B: Diagn\u00f3stico Oncol\u00f3gico Basado en Biomarcadores Moleculares y Nanotecnolog\u00eda Aplicada Dra.Florinda Jim\u00e9nez Vega Universidad Aut\u00f3noma de Ciudad Ju\u00e1rez Dr. Alejandro Mart\u00ednez Mart\u00ednez Universidad Aut\u00f3noma de Ciudad [&hellip;]<\/p>\n","protected":false},"author":1,"featured_media":0,"parent":5172,"menu_order":0,"comment_status":"closed","ping_status":"closed","template":"","meta":{"footnotes":""},"class_list":["post-5312","page","type-page","status-publish","hentry"],"_links":{"self":[{"href":"https:\/\/condican.upiita.ipn.mx\/index.php\/wp-json\/wp\/v2\/pages\/5312","targetHints":{"allow":["GET"]}}],"collection":[{"href":"https:\/\/condican.upiita.ipn.mx\/index.php\/wp-json\/wp\/v2\/pages"}],"about":[{"href":"https:\/\/condican.upiita.ipn.mx\/index.php\/wp-json\/wp\/v2\/types\/page"}],"author":[{"embeddable":true,"href":"https:\/\/condican.upiita.ipn.mx\/index.php\/wp-json\/wp\/v2\/users\/1"}],"replies":[{"embeddable":true,"href":"https:\/\/condican.upiita.ipn.mx\/index.php\/wp-json\/wp\/v2\/comments?post=5312"}],"version-history":[{"count":6,"href":"https:\/\/condican.upiita.ipn.mx\/index.php\/wp-json\/wp\/v2\/pages\/5312\/revisions"}],"predecessor-version":[{"id":5437,"href":"https:\/\/condican.upiita.ipn.mx\/index.php\/wp-json\/wp\/v2\/pages\/5312\/revisions\/5437"}],"up":[{"embeddable":true,"href":"https:\/\/condican.upiita.ipn.mx\/index.php\/wp-json\/wp\/v2\/pages\/5172"}],"wp:attachment":[{"href":"https:\/\/condican.upiita.ipn.mx\/index.php\/wp-json\/wp\/v2\/media?parent=5312"}],"curies":[{"name":"wp","href":"https:\/\/api.w.org\/{rel}","templated":true}]}}