{"id":5295,"date":"2024-05-03T14:33:30","date_gmt":"2024-05-03T20:33:30","guid":{"rendered":"https:\/\/condican.upiita.ipn.mx\/?page_id=5295"},"modified":"2025-08-20T15:17:44","modified_gmt":"2025-08-20T20:17:44","slug":"simposios","status":"publish","type":"page","link":"https:\/\/condican.upiita.ipn.mx\/index.php\/actividades\/simposios\/","title":{"rendered":"Simposios"},"content":{"rendered":"<section class=\"wpb-content-wrapper\"><p>[vc_row][vc_column][vc_images_carousel images=&#8221;5454,5459,5460,5461&#8243; img_size=&#8221;full&#8221; onclick=&#8221;custom_link&#8221; custom_links_target=&#8221;_blank&#8221; speed=&#8221;4000&#8243; autoplay=&#8221;yes&#8221; wrap=&#8221;yes&#8221; custom_links=&#8221;\/wp-content\/uploads\/2025\/08\/Simposio-CON-A.pdf,\/wp-content\/uploads\/2025\/08\/Simposio-CON-B.pdf,\/wp-content\/uploads\/2025\/08\/Simposio-CON-C.pdf,\/wp-content\/uploads\/2025\/08\/Simposio-CON-D.pdf&#8221;][\/vc_column][\/vc_row][vc_row][vc_column][vc_row_inner][vc_column_inner][vc_column_text]<\/p>\n<p style=\"text-align: justify;\">Conoce m\u00e1s acerca de los Simposios que se llevar\u00e1n a cabo en el 3er Congreso Nacional de Desarrollo de Materiales y Sistemas para el Diagn\u00f3stico de C\u00e1ncer.<\/p>\n<p>[\/vc_column_text][vc_toggle title=&#8221;CON-A : Nanomateriales Funcionales y Nanocompuestos Avanzados en el Tratamiento del C\u00e1ncer&#8221;]<\/p>\n<table class=\"table table-bordered\">\n<tbody>\n<tr>\n<td><strong>Tem\u00e1ticas:<\/strong><\/p>\n<hr \/>\n<ol>\n<li>Desarrollo de nanomateriales activables por pH, luz o temperatura<\/li>\n<li>Fototerapia oncol\u00f3gica: fototermia, fotodin\u00e1mica, hipertermia<\/li>\n<li>Sistemas con liberaci\u00f3n controlada por est\u00edmulo espec\u00edfico<\/li>\n<li>Evaluaci\u00f3n de eficacia terap\u00e9utica en organ-on-chip y tumoroides<\/li>\n<li>Escalabilidad, toxicidad y bioseguridad de terapias activables<\/li>\n<\/ol>\n<\/td>\n<td><strong>Organizadores<\/strong><\/p>\n<hr \/>\n<p><strong>Dr. Goldie Harikrishna Oza<\/strong><br \/>\nCIDETEQ<\/p>\n<p><strong>Dra. Beatriz Liliana Espa\u00f1a Sanchez<\/strong><br \/>\nCIDETEQ<\/td>\n<\/tr>\n<\/tbody>\n<\/table>\n<p>[\/vc_toggle][vc_toggle title=&#8221;CON-B: Diagn\u00f3stico Oncol\u00f3gico Basado en Biomarcadores Moleculares y Nanotecnolog\u00eda Aplicada&#8221;]<\/p>\n<table class=\"table table-bordered\">\n<tbody>\n<tr>\n<td><strong>Tem\u00e1ticas:<\/strong><\/p>\n<hr \/>\n<ol>\n<li>Identificaci\u00f3n de biomarcadores gen\u00e9ticos, proteicos y metab\u00f3licos para detecci\u00f3n temprana del c\u00e1ncer.<\/li>\n<li>Dise\u00f1o y desarrollo de biosensores (electroqu\u00edmicos, \u00f3pticos, nanomateriales) para diagn\u00f3stico oncol\u00f3gico.<\/li>\n<li>Aplicaci\u00f3n de nanotecnolog\u00eda en plataformas diagn\u00f3sticas.<\/li>\n<li>Biopsias l\u00edquidas y su papel en la detecci\u00f3n precoz y monitoreo de c\u00e1ncer.<\/li>\n<li>Uso de tecnolog\u00edas emergentes para medicina personalizada en etapas tempranas.<\/li>\n<li>Casos cl\u00ednicos y validaci\u00f3n de m\u00e9todos de diagn\u00f3stico temprano.<\/li>\n<\/ol>\n<\/td>\n<td><strong>Organizadores<\/strong><\/p>\n<hr \/>\n<p><strong>Dra. Florinda Jim\u00e9nez Vega<\/strong><br \/>\nUniversidad Aut\u00f3noma de Ciudad Ju\u00e1rez<\/p>\n<p><strong>Dr. Alejandro Mart\u00ednez Mart\u00ednez<\/strong><br \/>\nUniversidad Aut\u00f3noma de Ciudad Ju\u00e1rez<\/p>\n<p><strong>Dr. Mauricio Salcedo Vargas<\/strong><br \/>\nInstituto Mexicano del Seguro Social<\/p>\n<p><strong>Dra. Isui Abril Garcia Montoy<\/strong><br \/>\nUniversidad Aut\u00f3noma de Ciudad Ju\u00e1rez<\/p>\n<p><strong>M.C. Flor Daniela Alday Monta\u00f1ez<\/strong><br \/>\nUniversidad Aut\u00f3noma de Ciudad Ju\u00e1rez<\/td>\n<\/tr>\n<\/tbody>\n<\/table>\n<p>[\/vc_toggle][vc_toggle title=&#8221;CON-C : Biomarcadores de Precisi\u00f3n y Plataformas Avanzadas para Diagn\u00f3stico Personalizado del C\u00e1ncer&#8221;]<\/p>\n<table class=\"table table-bordered\">\n<tbody>\n<tr>\n<td><strong>Tem\u00e1ticas:<\/strong><\/p>\n<hr \/>\n<ol>\n<li>B\u00fasqueda, validaci\u00f3n y aplicaci\u00f3n de biomarcadores de precisi\u00f3n en oncolog\u00eda.<\/li>\n<li>Nanomateriales e inmunomateriales aplicados al tratamiento y regulaci\u00f3n del microambiente tumoral.<\/li>\n<li>Dise\u00f1o de plataformas microflu\u00eddicas para estudios farmacodin\u00e1micos.<\/li>\n<li>Diagn\u00f3stico molecular en tumores cerebrales pedi\u00e1tricos.<\/li>\n<li>Diagn\u00f3stico y monitoreo en c\u00e1ncer de colon y leucemia linfobl\u00e1stica B.<\/li>\n<li>Terapia celular personalizada: CAR-T y otras estrategias emergentes.<\/li>\n<li>Plataformas de biolog\u00eda molecular y oncogen\u00f3mica para diagn\u00f3stico cl\u00ednico y seguimiento terap\u00e9utico.<\/li>\n<\/ol>\n<\/td>\n<td><strong>Organizadores<\/strong><\/p>\n<hr \/>\n<p><strong>Dr. Paul Mondrag\u00f3n Ter\u00e1n<\/strong><br \/>\nCICATA Morelos<\/p>\n<p><strong>Dr. M\u00f3nica Escamilla Tilch<\/strong><br \/>\nCICATA Morelos<\/p>\n<p><strong>Dr. David Alejandro Rivera Miranda<\/strong><br \/>\nCICATA Morelos<\/td>\n<\/tr>\n<\/tbody>\n<\/table>\n<p>[\/vc_toggle][vc_toggle title=&#8221;CON-D : Interacciones din\u00e1micas en el c\u00e1ncer: desde la heterogeneidad tumoral hasta la medicina de precisi\u00f3n&#8221;]<\/p>\n<table class=\"table table-bordered\">\n<tbody>\n<tr>\n<td><strong>Tem\u00e1ticas:<\/strong><\/p>\n<hr \/>\n<ol>\n<li>\u2060Heterogeneidad intra e intertumoral: perfiles morfol\u00f3gicos, fenot\u00edpicos y consecuencias cl\u00ednicas.<\/li>\n<li>\u2060Papel de las plaquetas y de las c\u00e9lulas tumorales circulantes en el c\u00e1ncer: de la investigaci\u00f3n biom\u00e9dica a su aplicaci\u00f3n en biopsia l\u00edquida.<\/li>\n<li>\u2060Aplicaci\u00f3n de las tecnolog\u00edas \u00f3micas en el c\u00e1ncer y en la medicina personalizada.<\/li>\n<\/ol>\n<\/td>\n<td><strong>Organizadores<\/strong><\/p>\n<hr \/>\n<p><strong>Dra. Magali Espinosa Castilla<\/strong><br \/>\nInstituto Nacional de Medicina Gen\u00f3mica<\/p>\n<p><strong>Dra. Gretel Mendoza Almanza<\/strong><br \/>\nInstituto Nacional de Medicina Gen\u00f3mica<\/p>\n<p><strong>Dra. Nadia Judith Jacobo Herrera <\/strong><br \/>\nInstituto Nacional de Ciencias M\u00e9dicas y Nutrici\u00f3n<\/td>\n<\/tr>\n<\/tbody>\n<\/table>\n<p>[\/vc_toggle][vc_separator][\/vc_column_inner][\/vc_row_inner][\/vc_column][\/vc_row]<\/p>\n<\/section>","protected":false},"excerpt":{"rendered":"<p>[vc_row][vc_column][vc_images_carousel images=&#8221;5454,5459,5460,5461&#8243; img_size=&#8221;full&#8221; onclick=&#8221;custom_link&#8221; custom_links_target=&#8221;_blank&#8221; speed=&#8221;4000&#8243; autoplay=&#8221;yes&#8221; wrap=&#8221;yes&#8221; custom_links=&#8221;\/wp-content\/uploads\/2025\/08\/Simposio-CON-A.pdf,\/wp-content\/uploads\/2025\/08\/Simposio-CON-B.pdf,\/wp-content\/uploads\/2025\/08\/Simposio-CON-C.pdf,\/wp-content\/uploads\/2025\/08\/Simposio-CON-D.pdf&#8221;][\/vc_column][\/vc_row][vc_row][vc_column][vc_row_inner][vc_column_inner][vc_column_text] Conoce m\u00e1s acerca de los Simposios que se llevar\u00e1n a cabo en el 3er Congreso Nacional de Desarrollo de Materiales y Sistemas para el Diagn\u00f3stico de C\u00e1ncer. [\/vc_column_text][vc_toggle title=&#8221;CON-A : Nanomateriales Funcionales y Nanocompuestos Avanzados en el Tratamiento del C\u00e1ncer&#8221;] Tem\u00e1ticas: Desarrollo de nanomateriales activables por [&hellip;]<\/p>\n","protected":false},"author":1,"featured_media":0,"parent":4066,"menu_order":0,"comment_status":"closed","ping_status":"closed","template":"","meta":{"footnotes":""},"class_list":["post-5295","page","type-page","status-publish","hentry"],"_links":{"self":[{"href":"https:\/\/condican.upiita.ipn.mx\/index.php\/wp-json\/wp\/v2\/pages\/5295","targetHints":{"allow":["GET"]}}],"collection":[{"href":"https:\/\/condican.upiita.ipn.mx\/index.php\/wp-json\/wp\/v2\/pages"}],"about":[{"href":"https:\/\/condican.upiita.ipn.mx\/index.php\/wp-json\/wp\/v2\/types\/page"}],"author":[{"embeddable":true,"href":"https:\/\/condican.upiita.ipn.mx\/index.php\/wp-json\/wp\/v2\/users\/1"}],"replies":[{"embeddable":true,"href":"https:\/\/condican.upiita.ipn.mx\/index.php\/wp-json\/wp\/v2\/comments?post=5295"}],"version-history":[{"count":29,"href":"https:\/\/condican.upiita.ipn.mx\/index.php\/wp-json\/wp\/v2\/pages\/5295\/revisions"}],"predecessor-version":[{"id":5484,"href":"https:\/\/condican.upiita.ipn.mx\/index.php\/wp-json\/wp\/v2\/pages\/5295\/revisions\/5484"}],"up":[{"embeddable":true,"href":"https:\/\/condican.upiita.ipn.mx\/index.php\/wp-json\/wp\/v2\/pages\/4066"}],"wp:attachment":[{"href":"https:\/\/condican.upiita.ipn.mx\/index.php\/wp-json\/wp\/v2\/media?parent=5295"}],"curies":[{"name":"wp","href":"https:\/\/api.w.org\/{rel}","templated":true}]}}