{"id":5210,"date":"2024-04-12T16:37:14","date_gmt":"2024-04-12T22:37:14","guid":{"rendered":"https:\/\/condican.upiita.ipn.mx\/?page_id=5210"},"modified":"2024-04-12T16:37:14","modified_gmt":"2024-04-12T22:37:14","slug":"descripcion","status":"publish","type":"page","link":"https:\/\/condican.upiita.ipn.mx\/index.php\/descripcion\/","title":{"rendered":"Descripci\u00f3n"},"content":{"rendered":"<section class=\"wpb-content-wrapper\"><p>[vc_row][vc_column][vc_custom_heading text=&#8221;Descripci\u00f3n&#8221; font_container=&#8221;tag:h4|text_align:center&#8221; use_theme_fonts=&#8221;yes&#8221;][vc_separator][vc_column_text]<\/p>\n<p style=\"text-align: justify;\">El Congreso Nacional de Materiales y Sistemas para el Diagn\u00f3stico de C\u00e1ncer (CONDICAN) es un evento anual que re\u00fane a investigadores, estudiantes, profesionales de la salud y empresas del sector biom\u00e9dico para discutir los \u00faltimos avances en el desarrollo de materiales y sistemas para la detecci\u00f3n temprana del c\u00e1ncer.<\/p>\n<p style=\"text-align: justify;\">En su segunda edici\u00f3n, celebrada del 17 al 19 de octubre de 2023, CONDICAN abord\u00f3 tres tem\u00e1ticas clave a trav\u00e9s de diversos simposios:<\/p>\n<ol style=\"text-align: justify;\">\n<li><strong> Simposio Mexicano de Investigaciones Multidisciplinarias para el Diagn\u00f3stico del C\u00e1ncer:<\/strong> Este simposio se centr\u00f3 en \u00e1reas como citometr\u00eda de flujo, electroimpedancia, imagenolog\u00eda e inteligencia artificial en biosistemas, todas ellas con un gran potencial para la detecci\u00f3n temprana y precisa del c\u00e1ncer.<\/li>\n<li><strong> Nanomateriales y Biomateriales para el Tratamiento del C\u00e1ncer:<\/strong> En este simposio se exploraron los \u00faltimos avances en el desarrollo de nanomateriales y biomateriales para el tratamiento del c\u00e1ncer, incluyendo aspectos fundamentales, t\u00e9cnicas de s\u00edntesis, caracterizaci\u00f3n experimental y aplicaciones cl\u00ednicas.<\/li>\n<li><strong> Diagn\u00f3stico del C\u00e1ncer Basado en Modelado Computacional y Tecnolog\u00edas Avanzadas:<\/strong> Este simposio se enfoc\u00f3 en el uso de t\u00e9cnicas de modelado computacional, segmentaci\u00f3n y clasificaci\u00f3n de im\u00e1genes, aprendizaje autom\u00e1tico y tecnolog\u00edas emergentes como radiomics para mejorar el diagn\u00f3stico del c\u00e1ncer.<\/li>\n<\/ol>\n<p style=\"text-align: justify;\">La organizaci\u00f3n del CONDICAN 2023 estuvo a cargo del Laboratorio de Sistemas para el Diagn\u00f3stico y Tratamiento de C\u00e1ncer (LSDTC), cuyo laboratorio se inaugur\u00f3 el 19 de octubre del 2023 en el marco del d\u00eda internacional de la lucha contra el c\u00e1ncer de mama. Este evento marca un hito trascendental en la lucha contra el c\u00e1ncer en M\u00e9xico, ya que el LSDTC se convierte en el primer laboratorio en el pa\u00eds dedicado al desarrollo de tecnolog\u00edas innovadoras para la detecci\u00f3n temprana y el tratamiento del c\u00e1ncer. La creaci\u00f3n del LSDTC fue impulsada por el Consejo Nacional de Humanidades, Ciencias y Tecnolog\u00edas (CONAHCyT) a trav\u00e9s del Fondo Institucional para el Desarrollo Cient\u00edfico, Tecnol\u00f3gico y de Innovaci\u00f3n (Fordecyt-Pronaces\/6005\/20). El laboratorio estar\u00e1 dirigido por el Dr. Oscar Eduardo Cigarroa Mayorga, quien cuenta con una amplia experiencia en el campo de la investigaci\u00f3n oncol\u00f3gica.<\/p>\n<p style=\"text-align: justify;\">Se espera que el LSDTC tenga un impacto significativo en la salud p\u00fablica de M\u00e9xico. El desarrollo de tecnolog\u00edas innovadoras para la detecci\u00f3n temprana y el tratamiento del c\u00e1ncer permitir\u00e1 mejorar la calidad de vida de los pacientes y reducir la mortalidad por esta enfermedad. La inauguraci\u00f3n del LSDTC es un paso importante en la lucha contra el c\u00e1ncer en M\u00e9xico. El laboratorio representa un s\u00edmbolo de esperanza para los pacientes y sus familias, y un ejemplo del compromiso del IPN con la investigaci\u00f3n cient\u00edfica y la innovaci\u00f3n tecnol\u00f3gica. Consulte la edici\u00f3n especial de la Gaceta Polit\u00e9cnica d\u00f3nde se document\u00f3 la inauguraci\u00f3n del LSDTC.<\/p>\n<p style=\"text-align: justify;\"><a href=\"https:\/\/www.ipn.mx\/assets\/files\/ccs\/docs\/gaceta-seleccion\/2023\/11\/g-168-seleccion.pdf\" target=\"_blank\" rel=\"noopener\">CUENTA UPIITA CON LABORATORIO PARA DETECTAR C\u00c1NCER DE MAMA<\/a><\/p>\n<p style=\"text-align: justify;\">El \u00e9xito de la primera edici\u00f3n del CONDICAN confirma la importancia de este evento como un foro para el intercambio de conocimientos y experiencias en el campo del desarrollo de materiales y sistemas para el diagn\u00f3stico del c\u00e1ncer. Se espera que la pr\u00f3xima edici\u00f3n del congreso sea a\u00fan m\u00e1s exitosa y que contribuya a la lucha contra esta terrible enfermedad.<\/p>\n<p>[\/vc_column_text][\/vc_column][\/vc_row]<\/p>\n<\/section>","protected":false},"excerpt":{"rendered":"<p>[vc_row][vc_column][vc_custom_heading text=&#8221;Descripci\u00f3n&#8221; font_container=&#8221;tag:h4|text_align:center&#8221; use_theme_fonts=&#8221;yes&#8221;][vc_separator][vc_column_text] El Congreso Nacional de Materiales y Sistemas para el Diagn\u00f3stico de C\u00e1ncer (CONDICAN) es un evento anual que re\u00fane a investigadores, estudiantes, profesionales de la salud y empresas del sector biom\u00e9dico para discutir los \u00faltimos avances en el desarrollo de materiales y sistemas para la detecci\u00f3n temprana del c\u00e1ncer. En su [&hellip;]<\/p>\n","protected":false},"author":1,"featured_media":0,"parent":0,"menu_order":0,"comment_status":"closed","ping_status":"closed","template":"","meta":{"footnotes":""},"class_list":["post-5210","page","type-page","status-publish","hentry"],"_links":{"self":[{"href":"https:\/\/condican.upiita.ipn.mx\/index.php\/wp-json\/wp\/v2\/pages\/5210","targetHints":{"allow":["GET"]}}],"collection":[{"href":"https:\/\/condican.upiita.ipn.mx\/index.php\/wp-json\/wp\/v2\/pages"}],"about":[{"href":"https:\/\/condican.upiita.ipn.mx\/index.php\/wp-json\/wp\/v2\/types\/page"}],"author":[{"embeddable":true,"href":"https:\/\/condican.upiita.ipn.mx\/index.php\/wp-json\/wp\/v2\/users\/1"}],"replies":[{"embeddable":true,"href":"https:\/\/condican.upiita.ipn.mx\/index.php\/wp-json\/wp\/v2\/comments?post=5210"}],"version-history":[{"count":1,"href":"https:\/\/condican.upiita.ipn.mx\/index.php\/wp-json\/wp\/v2\/pages\/5210\/revisions"}],"predecessor-version":[{"id":5211,"href":"https:\/\/condican.upiita.ipn.mx\/index.php\/wp-json\/wp\/v2\/pages\/5210\/revisions\/5211"}],"wp:attachment":[{"href":"https:\/\/condican.upiita.ipn.mx\/index.php\/wp-json\/wp\/v2\/media?parent=5210"}],"curies":[{"name":"wp","href":"https:\/\/api.w.org\/{rel}","templated":true}]}}