{"id":5172,"date":"2024-04-04T14:55:02","date_gmt":"2024-04-04T20:55:02","guid":{"rendered":"https:\/\/condican.upiita.ipn.mx\/?page_id=5172"},"modified":"2025-08-20T11:59:30","modified_gmt":"2025-08-20T16:59:30","slug":"comite-2025","status":"publish","type":"page","link":"https:\/\/condican.upiita.ipn.mx\/index.php\/comite-2025\/","title":{"rendered":"Comit\u00e9"},"content":{"rendered":"<section class=\"wpb-content-wrapper\"><p>[vc_row][vc_column][vc_row_inner][vc_column_inner][gva_block_heading title=&#8221;Comit\u00e9 Organizador&#8221; style=&#8221;style-2&#8243; align=&#8221;align-left&#8221;][vc_column_text]<\/p>\n<p align=\"center\"><strong>Presidente del CONDICAN 2025<\/strong><\/p>\n<div class=\"row\">\n<div class=\"col-md-12\"><center><img decoding=\"async\" src=\"\/wp-content\/uploads\/2025\/08\/Comite-Mariela.jpg\" \/><br \/>\n<strong>Dra. Yazm\u00edn Mariela Hern\u00e1ndez Rodr\u00edguez<\/strong><br \/>\nInstituto Polit\u00e9cnico Nacional (IPN)<br \/>\nUnidad Profesional Interdisciplinaria en Ingenier\u00eda y Tecnolog\u00edas Avanzadas (UPIITA), M\u00e9xico<\/center><\/div>\n<\/div>\n<hr \/>\n<p align=\"center\"><strong>COMIT\u00c9 CIENT\u00cdFICO<\/strong><\/p>\n<div class=\"row\">\n<div class=\"col-md-3\"><center><img decoding=\"async\" src=\"\/wp-content\/uploads\/2024\/04\/user.jpg\" \/><br \/>\n<strong>Dr. Francisco Javier Cano<\/strong><br \/>\nInstitute of Molecules &amp; Materials of Le Mans (IMMM)\u2212 Le Mans Universit\u00e9, France<\/center><\/div>\n<div class=\"col-md-3\"><center><img decoding=\"async\" src=\"\/wp-content\/uploads\/2025\/08\/Comite-Esperanza.jpg\" \/><br \/>\n<strong>Dra. Esperanza Ba\u00f1os L\u00f3pez<\/strong><br \/>\nUniversidad Aut\u00f3noma del Estado de Hidalgo (UAEH)<br \/>\nInstituto de Ciencias B\u00e1sicas e Ingenier\u00eda (ICBI), M\u00e9xico<\/center><\/div>\n<div class=\"col-md-3\"><center><img decoding=\"async\" src=\"\/wp-content\/uploads\/2025\/08\/Comite-Gabriel.jpg\" \/><br \/>\n<strong>Dr. Gabriel Marcelino P\u00e9rez<\/strong><br \/>\nUniversidad Nacional Aut\u00f3noma de M\u00e9xico (UNAM)<br \/>\nInstituto de Fisiolog\u00eda Celular, M\u00e9xico<\/center><\/div>\n<div class=\"col-md-3\"><center><img decoding=\"async\" src=\"\/wp-content\/uploads\/2025\/08\/Comite-Rosario.jpg\" \/><br \/>\n<strong>Dra. Mar\u00eda del Rosario Munguia Fuentes<\/strong><br \/>\nInstituto Polit\u00e9cnico Nacional (IPN)<br \/>\nUnidad Profesional Interdisciplinaria en Ingenier\u00eda y Tecnolog\u00edas Avanzadas (UPIITA), M\u00e9xico<\/center><\/div>\n<\/div>\n<hr \/>\n<p align=\"center\"><strong>COMIT\u00c9 DE DIFUSI\u00d3N<\/strong><\/p>\n<div class=\"row\">\n<div class=\"col-md-4\"><center><img decoding=\"async\" src=\"\/wp-content\/uploads\/2025\/08\/Comite-Yari.jpg\" \/><br \/>\n<strong>Dra. Yari Jaguey Hern\u00e1ndez<\/strong><br \/>\nUniversidad Polit\u00e9cnica de Francisco I Madero. M\u00e9xico<\/center><\/div>\n<div class=\"col-md-4\"><center><img decoding=\"async\" src=\"\/wp-content\/uploads\/2025\/08\/Comite-Martin.jpg\" \/><br \/>\n<strong>Dr. Mart\u00edn Paredes Cruz<\/strong><br \/>\nUnidad de Investigaci\u00f3n Epidemiol\u00f3gica y de Servicios de Salud del Centro M\u00e9dico Nacional Siglo XXI (IMSS), M\u00e9xico<\/center><\/div>\n<div class=\"col-md-4\"><center><img decoding=\"async\" src=\"\/wp-content\/uploads\/2025\/08\/Comite-Laura.jpg\" \/><br \/>\n<strong>Dra. Laura Berenice Olvera Rosales<\/strong><br \/>\nUniversidad Aut\u00f3noma del Estado de Hidalgo (UAEH, M\u00e9xico<\/center><\/div>\n<\/div>\n<hr \/>\n<p align=\"center\"><strong>COMIT\u00c9 EDITORIAL<\/strong><\/p>\n<div class=\"row\">\n<div class=\"col-md-4\"><center><img decoding=\"async\" src=\"\/wp-content\/uploads\/2025\/08\/Comite-Oscar.jpg\" \/><br \/>\n<strong>Dr. Oscar Eduardo Cigarroa Mayorga<\/strong><br \/>\nInstituto Polit\u00e9cnico Nacional (IPN)<br \/>\nUnidad Profesional Interdisciplinaria en Ingenier\u00eda y Tecnolog\u00edas Avanzadas (UPIITA)<\/center><\/div>\n<div class=\"col-md-4\"><center><img decoding=\"async\" src=\"\/wp-content\/uploads\/2025\/08\/Comite-Claudia.jpg\" \/><br \/>\n<strong>Dra. Claudia Hayd\u00e9e Gonz\u00e1lez de la Rosa<\/strong><br \/>\nUniversidad Aut\u00f3noma Metropolitana (UAM)<br \/>\nDepartamento de Ciencias Naturales<\/center><\/div>\n<div class=\"col-md-4\"><center><img decoding=\"async\" src=\"\/wp-content\/uploads\/2025\/08\/Comite-Daniela.jpg\" \/><br \/>\n<strong>Dra. Daniela Roa Vel\u00e1zquez<\/strong><br \/>\nCentro de Investigaci\u00f3n y Estudios Avanzados (CINVESTAV)<\/center><\/div>\n<\/div>\n<hr \/>\n<p align=\"center\"><strong>COMIT\u00c9 DE T\u00c9CNICO<\/strong><\/p>\n<div class=\"row\">\n<div class=\"col-md-3\"><center><img decoding=\"async\" src=\"\/wp-content\/uploads\/2025\/08\/Comite-Elmer.jpg\" \/><br \/>\n<strong>Dr. Elmer Joel Mill\u00e1n Casarrubias<\/strong><br \/>\nInstituto Polit\u00e9cnico Nacional (IPN)<br \/>\nUnidad Profesional Interdisciplinaria en Ingenier\u00eda y Tecnolog\u00edas Avanzadas (UPIITA)<\/center><\/div>\n<div class=\"col-md-3\"><center><img decoding=\"async\" src=\"\/wp-content\/uploads\/2025\/08\/Comite-Cecilio.jpg\" \/><br \/>\n<strong>Dr. Cecilio Tapia Ignacio<\/strong><br \/>\nUniversidad Nacional Aut\u00f3noma de M\u00e9xico<br \/>\nInstituto de Ciencias Nucleares<\/center><\/div>\n<div class=\"col-md-3\"><center><img decoding=\"async\" src=\"\/wp-content\/uploads\/2025\/08\/Comite-Yunia.jpg\" \/><br \/>\n<strong>Dra. Yunia Ver\u00f3nica Garc\u00eda Tejeda<\/strong><br \/>\nInstituto Polit\u00e9cnico Nacional (IPN)<br \/>\nUnidad Profesional Interdisciplinaria en Ingenier\u00eda y Tecnolog\u00edas Avanzadas (UPIITA)<\/center><\/div>\n<div class=\"col-md-3\"><center><img decoding=\"async\" src=\"\/wp-content\/uploads\/2025\/08\/Comite-Francisco.jpg\" \/><br \/>\n<strong>MSc. Francisco Jose Martinez Baltodano<\/strong><br \/>\nCinvestav Unidad Saltillo. M\u00e9xico<\/center><\/div>\n<\/div>\n<p>[\/vc_column_text][vc_separator][\/vc_column_inner][\/vc_row_inner][\/vc_column][\/vc_row]<\/p>\n<\/section>","protected":false},"excerpt":{"rendered":"<p>[vc_row][vc_column][vc_row_inner][vc_column_inner][gva_block_heading title=&#8221;Comit\u00e9 Organizador&#8221; style=&#8221;style-2&#8243; align=&#8221;align-left&#8221;][vc_column_text] Presidente del CONDICAN 2025 Dra. Yazm\u00edn Mariela Hern\u00e1ndez Rodr\u00edguez Instituto Polit\u00e9cnico Nacional (IPN) Unidad Profesional Interdisciplinaria en Ingenier\u00eda y Tecnolog\u00edas Avanzadas (UPIITA), M\u00e9xico COMIT\u00c9 CIENT\u00cdFICO Dr. Francisco Javier Cano Institute of Molecules &amp; Materials of Le Mans (IMMM)\u2212 Le Mans Universit\u00e9, France Dra. Esperanza Ba\u00f1os L\u00f3pez Universidad Aut\u00f3noma del Estado [&hellip;]<\/p>\n","protected":false},"author":1,"featured_media":0,"parent":0,"menu_order":0,"comment_status":"closed","ping_status":"closed","template":"","meta":{"footnotes":""},"class_list":["post-5172","page","type-page","status-publish","hentry"],"_links":{"self":[{"href":"https:\/\/condican.upiita.ipn.mx\/index.php\/wp-json\/wp\/v2\/pages\/5172","targetHints":{"allow":["GET"]}}],"collection":[{"href":"https:\/\/condican.upiita.ipn.mx\/index.php\/wp-json\/wp\/v2\/pages"}],"about":[{"href":"https:\/\/condican.upiita.ipn.mx\/index.php\/wp-json\/wp\/v2\/types\/page"}],"author":[{"embeddable":true,"href":"https:\/\/condican.upiita.ipn.mx\/index.php\/wp-json\/wp\/v2\/users\/1"}],"replies":[{"embeddable":true,"href":"https:\/\/condican.upiita.ipn.mx\/index.php\/wp-json\/wp\/v2\/comments?post=5172"}],"version-history":[{"count":20,"href":"https:\/\/condican.upiita.ipn.mx\/index.php\/wp-json\/wp\/v2\/pages\/5172\/revisions"}],"predecessor-version":[{"id":5422,"href":"https:\/\/condican.upiita.ipn.mx\/index.php\/wp-json\/wp\/v2\/pages\/5172\/revisions\/5422"}],"wp:attachment":[{"href":"https:\/\/condican.upiita.ipn.mx\/index.php\/wp-json\/wp\/v2\/media?parent=5172"}],"curies":[{"name":"wp","href":"https:\/\/api.w.org\/{rel}","templated":true}]}}