{"id":4027,"date":"2023-06-30T13:15:05","date_gmt":"2023-06-30T18:15:05","guid":{"rendered":"https:\/\/condican.upiita.ipn.mx\/?page_id=4027"},"modified":"2025-09-12T16:59:42","modified_gmt":"2025-09-12T22:59:42","slug":"fechas-importantes","status":"publish","type":"page","link":"https:\/\/condican.upiita.ipn.mx\/index.php\/fechas-importantes\/","title":{"rendered":"Fechas importantes"},"content":{"rendered":"<section class=\"wpb-content-wrapper\"><p>[vc_row row_space=&#8221;remove_padding&#8221; isfullwidth=&#8221;&#8221; css=&#8221;.vc_custom_1539588804561{padding-bottom: 20px !important;}&#8221;][vc_column][vc_custom_heading text=&#8221;Fechas importantes&#8221; font_container=&#8221;tag:h5|text_align:left&#8221; use_theme_fonts=&#8221;yes&#8221;][vc_column_text]Inicio de recepci\u00f3n de res\u00famenes:\u00a0<strong>a partir de la presentaci\u00f3n de la convocatoria.<\/strong><br \/>\nFecha l\u00edmite de recepci\u00f3n de res\u00famenes: 0<strong>3 de octubre<\/strong><br \/>\nNotificaci\u00f3n de aceptaci\u00f3n: <strong>05 de octubre<\/strong>[\/vc_column_text][vc_single_image image=&#8221;5443&#8243; img_size=&#8221;full&#8221; alignment=&#8221;center&#8221; css=&#8221;.vc_custom_1755713236510{padding-top: 20px !important;padding-bottom: 20px !important;}&#8221;][\/vc_column][\/vc_row][vc_row][vc_column width=&#8221;1\/2&#8243;][vc_column_text]<\/p>\n<p class=\"titulos\">Presentaci\u00f3n oral<\/p>\n<hr class=\"linea_titulos\" \/>\n<ul>\n<li style=\"text-align: justify;\">Las presentaciones orales tienen una duraci\u00f3n de 20 minutos. Las preguntas y respuestas deben incluirse dentro de este per\u00edodo de \u00a0tiempo asignado.<\/li>\n<li style=\"text-align: justify;\">El horario de su presentaci\u00f3n se pueden encontrar en el programa general con el c\u00f3digo que le fue asignado en su carta de presentaci\u00f3n.<\/li>\n<li style=\"text-align: justify;\">En el auditorio se contar\u00e1 con PC con sistema operativo Windows, proyecci\u00f3n de datos y un puntero l\u00e1ser.<\/li>\n<li style=\"text-align: justify;\">Se solicita a los presentadores que traigan su archivo de presentaci\u00f3n en una unidad flash USB y lo carguen en la computadora dentro de la sala de conferencias en el descanso antes de que comience su sesi\u00f3n.<\/li>\n<li style=\"text-align: justify;\">Despu\u00e9s de su presentaci\u00f3n, aseg\u00farese de firmar la Hoja de Sesi\u00f3n entregada por el Organizador del Simposio, con la finalidad de poder dar registro de su asistencia.<\/li>\n<li style=\"text-align: justify;\"><strong>SE LES INVITA A DESCARGAR EL FORMATO PARA SU PRESENTACI\u00d3N ORAL PROPUESTO POR LOS ORGANIZADORES DEL EVENTO.<\/strong><\/li>\n<\/ul>\n<p>[\/vc_column_text][vc_btn title=&#8221;Descargar presentaci\u00f3n en PowerPoint&#8221; color=&#8221;primary&#8221; size=&#8221;lg&#8221; align=&#8221;center&#8221; button_block=&#8221;true&#8221; link=&#8221;url:%2Fwp-content%2Fuploads%2F2025%2F08%2FPresentacion-Congreso-Participantes-2025.pptx&#8221;][\/vc_column][vc_column width=&#8221;1\/2&#8243;][vc_column_text]<\/p>\n<p class=\"titulos\">Presentaci\u00f3n en p\u00f3ster<\/p>\n<hr class=\"linea_titulos\" \/>\n<ul>\n<li style=\"text-align: justify;\">Trae tu p\u00f3ster ya impreso ya que no hay servicios de impresi\u00f3n cercanos al sitio.<\/li>\n<li style=\"text-align: justify;\">El tama\u00f1o del p\u00f3ster sugerido del p\u00f3ster impreso es de 90 cm de ancho x 120 cm de alto.<\/li>\n<li style=\"text-align: justify;\">El cartel debe instalarse una hora antes del horario establecido en el programa el d\u00eda asignado.<\/li>\n<li style=\"text-align: justify;\">Se le proporcionar\u00e1n materiales para montar su p\u00f3ster en el lugar designado.<\/li>\n<li style=\"text-align: justify;\">El n\u00famero de su cartel se puede encontrar en su carta de aceptaci\u00f3n.<\/li>\n<li style=\"text-align: justify;\"><strong>SE TE INVITA A DESCARGAR EL FORMATO PARA LA REALIZACI\u00d3N DE TU P\u00d3STER,\u00a0 PROPUESTO POR LOS ORGANIZADORES DEL EVENTO.<\/strong><\/li>\n<\/ul>\n<p>[\/vc_column_text][vc_btn title=&#8221;Descargar presentaci\u00f3n en PowerPoint&#8221; color=&#8221;primary&#8221; size=&#8221;lg&#8221; align=&#8221;center&#8221; button_block=&#8221;true&#8221; link=&#8221;url:%2Fwp-content%2Fuploads%2F2025%2F08%2FPoster-base-Congreso-2025.pptx&#8221;][\/vc_column][\/vc_row][vc_row disable_element=&#8221;yes&#8221; row_space=&#8221;remove_padding&#8221;][vc_column][vc_row_inner][vc_column_inner][gva_block_heading title=&#8221;Why Winnex Consulting?&#8221; style=&#8221;style-2&#8243; align=&#8221;align-left&#8221; desc=&#8221;Podcasting operational change management inside of workflows to establish a framework. Taking seamless key performance indicators offline to maximise the long tail. Keeping your eye on the ball while performing a deep dive on the start-up mentality to derive convergence on cross-platform integration.&#8221;][\/vc_column_inner][\/vc_row_inner][vc_row_inner][vc_column_inner width=&#8221;1\/2&#8243;][gva_icon_box title=&#8221;Global Partnership&#8221; description=&#8221;Nemo enim ipsam voluptatem quia voluptas sit aut odit aut fugit, quia consequuntur magni natus dolores eos voluptatem.&#8221; icon_position=&#8221;left&#8221; icon_width=&#8221;fa-3x&#8221; margin_bottom=&#8221;margin-bottom-2&#8243; image=&#8221;3494&#8243;][\/vc_column_inner][vc_column_inner width=&#8221;1\/2&#8243;][gva_icon_box title=&#8221;Defined by our People&#8221; description=&#8221;Nemo enim ipsam voluptatem quia voluptas sit aut odit aut fugit, quia consequuntur magni natus dolores eos voluptatem.&#8221; icon_position=&#8221;left&#8221; icon_width=&#8221;fa-3x&#8221; margin_bottom=&#8221;margin-bottom-2&#8243; image=&#8221;3495&#8243;][\/vc_column_inner][\/vc_row_inner][vc_row_inner][vc_column_inner width=&#8221;1\/2&#8243;][gva_icon_box title=&#8221;Powered by Knowledge&#8221; description=&#8221;Nemo enim ipsam voluptatem quia voluptas sit aut odit aut fugit, quia consequuntur magni natus dolores eos voluptatem.&#8221; icon_position=&#8221;left&#8221; icon_width=&#8221;fa-3x&#8221; margin_bottom=&#8221;margin-bottom-2&#8243; image=&#8221;3496&#8243;][\/vc_column_inner][vc_column_inner width=&#8221;1\/2&#8243;][gva_icon_box title=&#8221;Taxes Andefficiency&#8221; description=&#8221;Nemo enim ipsam voluptatem quia voluptas sit aut odit aut fugit, quia consequuntur magni natus dolores eos voluptatem.&#8221; icon_position=&#8221;left&#8221; icon_width=&#8221;fa-3x&#8221; margin_bottom=&#8221;margin-bottom-2&#8243; image=&#8221;3497&#8243;][\/vc_column_inner][\/vc_row_inner][\/vc_column][\/vc_row][vc_row disable_element=&#8221;yes&#8221; row_space=&#8221;remove_padding_top&#8221;][vc_column width=&#8221;1\/2&#8243;][gva_box_video photo=&#8221;2553&#8243;]https:\/\/www.youtube.com\/watch?v=4g7zRxRN1Xk[\/gva_box_video][\/vc_column][vc_column width=&#8221;1\/2&#8243;][vc_column_text]<\/p>\n<h2>Textron Wins with Winnex Consulting<\/h2>\n<p>Special.T by Nestle explains how the business, with the help of Winnex Consulting, deployed a multi channel customer service platform integrated with back-end systems quickly and shows why Oracle Service Cloud allows them to focus on getting business processes right.[\/vc_column_text][\/vc_column][\/vc_row]<\/p>\n<\/section>","protected":false},"excerpt":{"rendered":"<p>[vc_row row_space=&#8221;remove_padding&#8221; isfullwidth=&#8221;&#8221; css=&#8221;.vc_custom_1539588804561{padding-bottom: 20px !important;}&#8221;][vc_column][vc_custom_heading text=&#8221;Fechas importantes&#8221; font_container=&#8221;tag:h5|text_align:left&#8221; use_theme_fonts=&#8221;yes&#8221;][vc_column_text]Inicio de recepci\u00f3n de res\u00famenes:\u00a0a partir de la presentaci\u00f3n de la convocatoria. Fecha l\u00edmite de recepci\u00f3n de res\u00famenes: 03 de octubre Notificaci\u00f3n de aceptaci\u00f3n: 05 de octubre[\/vc_column_text][vc_single_image image=&#8221;5443&#8243; img_size=&#8221;full&#8221; alignment=&#8221;center&#8221; css=&#8221;.vc_custom_1755713236510{padding-top: 20px !important;padding-bottom: 20px !important;}&#8221;][\/vc_column][\/vc_row][vc_row][vc_column width=&#8221;1\/2&#8243;][vc_column_text] Presentaci\u00f3n oral Las presentaciones orales tienen una duraci\u00f3n de 20 [&hellip;]<\/p>\n","protected":false},"author":1,"featured_media":0,"parent":0,"menu_order":0,"comment_status":"closed","ping_status":"closed","template":"","meta":{"footnotes":""},"class_list":["post-4027","page","type-page","status-publish","hentry"],"_links":{"self":[{"href":"https:\/\/condican.upiita.ipn.mx\/index.php\/wp-json\/wp\/v2\/pages\/4027","targetHints":{"allow":["GET"]}}],"collection":[{"href":"https:\/\/condican.upiita.ipn.mx\/index.php\/wp-json\/wp\/v2\/pages"}],"about":[{"href":"https:\/\/condican.upiita.ipn.mx\/index.php\/wp-json\/wp\/v2\/types\/page"}],"author":[{"embeddable":true,"href":"https:\/\/condican.upiita.ipn.mx\/index.php\/wp-json\/wp\/v2\/users\/1"}],"replies":[{"embeddable":true,"href":"https:\/\/condican.upiita.ipn.mx\/index.php\/wp-json\/wp\/v2\/comments?post=4027"}],"version-history":[{"count":24,"href":"https:\/\/condican.upiita.ipn.mx\/index.php\/wp-json\/wp\/v2\/pages\/4027\/revisions"}],"predecessor-version":[{"id":5532,"href":"https:\/\/condican.upiita.ipn.mx\/index.php\/wp-json\/wp\/v2\/pages\/4027\/revisions\/5532"}],"wp:attachment":[{"href":"https:\/\/condican.upiita.ipn.mx\/index.php\/wp-json\/wp\/v2\/media?parent=4027"}],"curies":[{"name":"wp","href":"https:\/\/api.w.org\/{rel}","templated":true}]}}