{"id":3850,"date":"2023-06-26T17:53:04","date_gmt":"2023-06-26T22:53:04","guid":{"rendered":"https:\/\/condican.upiita.ipn.mx\/?page_id=3850"},"modified":"2025-09-12T16:47:44","modified_gmt":"2025-09-12T22:47:44","slug":"inicio","status":"publish","type":"page","link":"https:\/\/condican.upiita.ipn.mx\/","title":{"rendered":"Inicio"},"content":{"rendered":"<section class=\"wpb-content-wrapper\"><p>[vc_row fullwidth=&#8221;0&#8243; row_space=&#8221;remove_padding&#8221; isfullwidth=&#8221;0&#8243;][vc_column]\n\t\t\t<!-- START Congeso2024 REVOLUTION SLIDER 6.6.14 --><p class=\"rs-p-wp-fix\"><\/p>\n\t\t\t<rs-module-wrap id=\"rev_slider_4_1_wrapper\" data-source=\"gallery\" style=\"visibility:hidden;background:transparent;padding:0;margin:0px auto;margin-top:0;margin-bottom:0;\">\n\t\t\t\t<rs-module id=\"rev_slider_4_1\" style=\"\" data-version=\"6.6.14\">\n\t\t\t\t\t<rs-slides style=\"overflow: hidden; position: absolute;\">\n\t\t\t\t\t\t<rs-slide style=\"position: absolute;\" data-key=\"rs-39\" data-title=\"Slide\" data-thumb=\"\/\/condican.upiita.ipn.mx\/wp-content\/uploads\/2025\/10\/Banner-Congreso-Zaira-Colin-Web.jpg\" data-in=\"o:0;\" data-out=\"a:false;\">\n\t\t\t\t\t\t\t<img decoding=\"async\" src=\"\/\/condican.upiita.ipn.mx\/wp-content\/plugins\/revslider\/public\/assets\/assets\/dummy.png\" alt=\"\" title=\"Congreso Zaira Colin\" width=\"1920\" height=\"700\" class=\"rev-slidebg tp-rs-img rs-lazyload\" data-lazyload=\"\/\/condican.upiita.ipn.mx\/wp-content\/uploads\/2025\/10\/Banner-Congreso-Zaira-Colin-Web.jpg\" data-no-retina>\n<!---->\t\t\t\t\t\t<\/rs-slide>\n\t\t\t\t\t\t<rs-slide style=\"position: absolute;\" data-key=\"rs-38\" data-title=\"Slide\" data-thumb=\"\/\/condican.upiita.ipn.mx\/wp-content\/uploads\/2025\/10\/Banner-Congreso-Victor-Manuel-Web.jpg\" data-in=\"o:0;\" data-out=\"a:false;\">\n\t\t\t\t\t\t\t<img decoding=\"async\" src=\"\/\/condican.upiita.ipn.mx\/wp-content\/plugins\/revslider\/public\/assets\/assets\/dummy.png\" alt=\"Congreso Victor Manuel\" title=\"Congreso Victor Manuel\" width=\"1920\" height=\"700\" class=\"rev-slidebg tp-rs-img rs-lazyload\" data-lazyload=\"\/\/condican.upiita.ipn.mx\/wp-content\/uploads\/2025\/10\/Banner-Congreso-Victor-Manuel-Web.jpg\" data-no-retina>\n<!---->\t\t\t\t\t\t<\/rs-slide>\n\t\t\t\t\t\t<rs-slide style=\"position: absolute;\" data-key=\"rs-37\" data-title=\"Slide\" data-thumb=\"\/\/condican.upiita.ipn.mx\/wp-content\/uploads\/2025\/10\/Banner-Congreso-Jazmin-Marlen-Web.jpg\" data-in=\"o:0;\" data-out=\"a:false;\">\n\t\t\t\t\t\t\t<img decoding=\"async\" src=\"\/\/condican.upiita.ipn.mx\/wp-content\/plugins\/revslider\/public\/assets\/assets\/dummy.png\" alt=\"Congreso Jazmin Marlen\" title=\"Congreso Jazmin Marlen\" width=\"1920\" height=\"700\" class=\"rev-slidebg tp-rs-img rs-lazyload\" data-lazyload=\"\/\/condican.upiita.ipn.mx\/wp-content\/uploads\/2025\/10\/Banner-Congreso-Jazmin-Marlen-Web.jpg\" data-no-retina>\n<!---->\t\t\t\t\t\t<\/rs-slide>\n\t\t\t\t\t\t<rs-slide style=\"position: absolute;\" data-key=\"rs-36\" data-title=\"Slide\" data-thumb=\"\/\/condican.upiita.ipn.mx\/wp-content\/uploads\/2025\/10\/Banner-Congreso-Emilio-Cordova-Web.jpg\" data-in=\"o:0;\" data-out=\"a:false;\">\n\t\t\t\t\t\t\t<img decoding=\"async\" src=\"\/\/condican.upiita.ipn.mx\/wp-content\/plugins\/revslider\/public\/assets\/assets\/dummy.png\" alt=\"Congreso Emilio Cordova\" title=\"Congreso Emilio Cordova\" width=\"1920\" height=\"700\" class=\"rev-slidebg tp-rs-img rs-lazyload\" data-lazyload=\"\/\/condican.upiita.ipn.mx\/wp-content\/uploads\/2025\/10\/Banner-Congreso-Emilio-Cordova-Web.jpg\" data-no-retina>\n<!---->\t\t\t\t\t\t<\/rs-slide>\n\t\t\t\t\t\t<rs-slide style=\"position: absolute;\" data-key=\"rs-17\" data-title=\"Slide\" data-thumb=\"\/\/condican.upiita.ipn.mx\/wp-content\/uploads\/2025\/08\/Simposio-A-2025-web-50x100.jpg\" data-in=\"o:0;\" data-out=\"a:false;\">\n\t\t\t\t\t\t\t<img decoding=\"async\" src=\"\/\/condican.upiita.ipn.mx\/wp-content\/plugins\/revslider\/public\/assets\/assets\/dummy.png\" alt=\"Simposio A 2025 web\" title=\"Simposio A 2025 web\" width=\"1920\" height=\"700\" class=\"rev-slidebg tp-rs-img rs-lazyload\" data-lazyload=\"\/\/condican.upiita.ipn.mx\/wp-content\/uploads\/2025\/08\/Simposio-A-2025-web.jpg\" data-no-retina>\n<!---->\t\t\t\t\t\t<\/rs-slide>\n\t\t\t\t\t\t<rs-slide style=\"position: absolute;\" data-key=\"rs-18\" data-title=\"Slide\" data-thumb=\"\/\/condican.upiita.ipn.mx\/wp-content\/uploads\/2025\/08\/Simposio-B-2025-web-50x100.jpg\" data-in=\"o:0;\" data-out=\"a:false;\">\n\t\t\t\t\t\t\t<img decoding=\"async\" src=\"\/\/condican.upiita.ipn.mx\/wp-content\/plugins\/revslider\/public\/assets\/assets\/dummy.png\" alt=\"Simposio B 2025 web\" title=\"Simposio B 2025 web\" width=\"1920\" height=\"700\" class=\"rev-slidebg tp-rs-img rs-lazyload\" data-lazyload=\"\/\/condican.upiita.ipn.mx\/wp-content\/uploads\/2025\/08\/Simposio-B-2025-web.jpg\" data-no-retina>\n<!---->\t\t\t\t\t\t<\/rs-slide>\n\t\t\t\t\t\t<rs-slide style=\"position: absolute;\" data-key=\"rs-19\" data-title=\"Slide\" data-thumb=\"\/\/condican.upiita.ipn.mx\/wp-content\/uploads\/2025\/08\/Simposio-C-2025-web-50x100.jpg\" data-in=\"o:0;\" data-out=\"a:false;\">\n\t\t\t\t\t\t\t<img decoding=\"async\" src=\"\/\/condican.upiita.ipn.mx\/wp-content\/plugins\/revslider\/public\/assets\/assets\/dummy.png\" alt=\"Simposio C 2025 web\" title=\"Simposio C 2025 web\" width=\"1920\" height=\"700\" class=\"rev-slidebg tp-rs-img rs-lazyload\" data-lazyload=\"\/\/condican.upiita.ipn.mx\/wp-content\/uploads\/2025\/08\/Simposio-C-2025-web.jpg\" data-no-retina>\n<!---->\t\t\t\t\t\t<\/rs-slide>\n\t\t\t\t\t\t<rs-slide style=\"position: absolute;\" data-key=\"rs-20\" data-title=\"Slide\" data-thumb=\"\/\/condican.upiita.ipn.mx\/wp-content\/uploads\/2025\/08\/Simposio-D-2025-web-50x100.jpg\" data-in=\"o:0;\" data-out=\"a:false;\">\n\t\t\t\t\t\t\t<img decoding=\"async\" src=\"\/\/condican.upiita.ipn.mx\/wp-content\/plugins\/revslider\/public\/assets\/assets\/dummy.png\" alt=\"Simposio D 2025 web\" title=\"Simposio D 2025 web\" width=\"1920\" height=\"700\" class=\"rev-slidebg tp-rs-img rs-lazyload\" data-lazyload=\"\/\/condican.upiita.ipn.mx\/wp-content\/uploads\/2025\/08\/Simposio-D-2025-web.jpg\" data-no-retina>\n<!---->\t\t\t\t\t\t<\/rs-slide>\n\t\t\t\t\t<\/rs-slides>\n\t\t\t\t<\/rs-module>\n\t\t\t\t<script>\n\t\t\t\t\tsetREVStartSize({c: 'rev_slider_4_1',rl:[1240,1024,778,480],el:[700],gw:[1920],gh:[700],type:'standard',justify:'',layout:'fullwidth',mh:\"0\"});if (window.RS_MODULES!==undefined && window.RS_MODULES.modules!==undefined && window.RS_MODULES.modules[\"revslider41\"]!==undefined) {window.RS_MODULES.modules[\"revslider41\"].once = false;window.revapi4 = undefined;if (window.RS_MODULES.checkMinimal!==undefined) window.RS_MODULES.checkMinimal()}\n\t\t\t\t<\/script>\n\t\t\t<\/rs-module-wrap>\n\t\t\t<!-- END REVOLUTION SLIDER -->\n[\/vc_column][\/vc_row][vc_row][vc_column][vc_column_text]<\/p>\n<p style=\"text-align: center;\">D\u00edas para el 3er Congreso Nacional de Desarrollo de Materiales y Sistemas para el Diagn\u00f3stico de C\u00e1ncer<\/p>\n<p style=\"text-align: center;\">Fechas del evento 20 al 24 de octubre<\/p>\n<div class=\"content_countdown\" id=\"main_countedown_1\"><div class=\"countdown\">\r\n\t\t\t\t<span class=\"element_conteiner\"><span  class=\"days time_left\">-197<\/span><span class=\"time_description\">D\u00edas<\/span><\/span>\r\n\t\t\t\t<span class=\"element_conteiner\"><span  class=\"hourse time_left\">-22<\/span><span class=\"time_description\">Horas<\/span><\/span>\r\n\t\t\t\t<span class=\"element_conteiner\"><span  class=\"minutes time_left\">-30<\/span><span class=\"time_description\">Minutos<\/span><\/span>\r\n\t\t\t\t<span class=\"element_conteiner\"><span  class=\"secondes time_left\">-29<\/span><span class=\"time_description\">Segundos<\/span><\/span>\r\n\t\t\t<\/div><\/div><script>\r\n        document.addEventListener('DOMContentLoaded', function(event) {\r\n\t\t\tjQuery('#main_countedown_1 .countdown').html('')\r\n\t\t});<\/script><style>#main_countedown_1 .countdown{text-align:center;}#main_countedown_1 .countdown{margin-top:20px;margin-bottom:20px}#main_countedown_1 .time_left{\r\nborder-radius:8px;\r\nbackground-color:#3DA8CC;\r\nfont-size:23px;\r\nfont-family:monospace;\r\ncolor:#000000;\r\n}\r\n#main_countedown_1 .time_description{\r\nfont-size:23px;\r\nfont-family:monospace;\r\ncolor:#000000;\r\n}\r\n#main_countedown_1 .element_conteiner{min-width:90px}<\/style>[\/vc_column_text][\/vc_column][\/vc_row][vc_row full_width=&#8221;stretch_row_content_no_spaces&#8221;][vc_column][vc_column_text]<\/p>\n<div class=\"row\">\n<div class=\"col-md-1\">\n<div class=\"linea\"><\/div>\n<\/div>\n<div class=\"col-md-10\">\n<p class=\"centrado\">EVENTO GRATUITO<\/p>\n<\/div>\n<div class=\"col-md-1\">\n<div class=\"linea\"><\/div>\n<\/div>\n<\/div>\n<p align=\"center\">Apoyado por la Secretar\u00eda de Educaci\u00f3n, Ciencia, Tecnolog\u00eda e Innovaci\u00f3n de la Ciudad de M\u00e9xico (SECTEI) y la Secretar\u00eda de Investigaci\u00f3n y Posgrado del Instituto Polit\u00e9cnico Nacional (SIP-IPN)<\/p>\n<p>[\/vc_column_text][\/vc_column][\/vc_row][vc_row fullwidth=&#8221;0&#8243; css=&#8221;.vc_custom_1695751130121{background-color: #f4f4f4 !important;}&#8221;][vc_column width=&#8221;1\/6&#8243;][\/vc_column][vc_column width=&#8221;2\/3&#8243;][vc_column_text]<\/p>\n<h5 style=\"text-align: center;\">\u00a1Bienvenidos al 3er Congreso Nacional de Materiales y Sistemas para el Diagn\u00f3stico de C\u00e1ncer!<\/h5>\n<p style=\"text-align: justify;\">Te damos la m\u00e1s cordial bienvenida al 3er. Congreso Nacional de Desarrollo de Materiales y Sistemas para el Diagn\u00f3stico de C\u00e1ncer (CONDICAN 2025), que se celebrar\u00e1 este a\u00f1o en la Unidad Profesional Interdisciplinaria en Ingenier\u00eda y Tecnolog\u00edas Avanzadas (UPIITA) del IPN.<\/p>\n<p style=\"text-align: justify;\">De igual manera te compartimos que este evento tiene como objetivo difundir en los sectores estudiantil, laboral, profesional y al p\u00fablico en general sobre la importancia que tienen el desarrollo de nuevos materiales, as\u00ed como la implementaci\u00f3n de tecnolog\u00edas para un diagn\u00f3stico y tratamiento oportuno del c\u00e1ncer.<\/p>\n<p style=\"text-align: justify;\">Brindando una oportunidad para marcar un hito en la lucha contra el c\u00e1ncer, reuniendo a expertos, investigadores y profesionales comprometidos con el avance de la ciencia y la tecnolog\u00eda en el diagn\u00f3stico de esta enfermedad que afecta a tantas vidas en todo el mundo. Durante estos d\u00edas, exploraremos los \u00faltimos avances en el diagn\u00f3stico de c\u00e1ncer, con un enfoque especial en el Modelado Computacional y las Tecnolog\u00edas Avanzadas, as\u00ed como la obtenci\u00f3n de nanomateriales y biomateriales para el diagn\u00f3stico oportuno, as\u00ed como el acercamiento de los antes mencionados con el sector salud.<\/p>\n<p style=\"text-align: justify;\">Esperamos que este congreso sea una experiencia enriquecedora para todos ustedes, que inspire nuevas colaboraciones y que nos acerque un paso m\u00e1s hacia un futuro en el que el diagn\u00f3stico de c\u00e1ncer sea m\u00e1s preciso, accesible y eficaz.<\/p>\n<p style=\"text-align: justify;\">Les agradecemos por ser parte de esta importante iniciativa y esperamos que disfruten de los debates, presentaciones y oportunidades de networking que les esperan.<\/p>\n<p>\u00a1Bienvenidos y que este congreso sea un \u00e9xito!<\/p>\n<p style=\"text-align: justify;\">Atentamente,<br \/>\nComit\u00e9 organizador del CONDICAN<\/p>\n<p>[\/vc_column_text][vc_single_image image=&#8221;5214&#8243; img_size=&#8221;full&#8221; alignment=&#8221;center&#8221;][\/vc_column][vc_column width=&#8221;1\/6&#8243;][\/vc_column][\/vc_row][vc_row][vc_column][vc_row_inner][vc_column_inner width=&#8221;1\/3&#8243;][vc_custom_heading text=&#8221;Instituciones&#8221; font_container=&#8221;tag:h5|text_align:left&#8221; use_theme_fonts=&#8221;yes&#8221;][vc_column_text]\n            <div \n                class=\"elfsight-widget-logo-showcase elfsight-widget\" \n                data-elfsight-logo-showcase-options=\"%7B%22items%22%3A%5B%7B%22file%22%3A%7B%22type%22%3A%22uploaded%22%2C%22data%22%3A%7B%22name%22%3A%22%22%2C%22url%22%3A%22https%3A%5C%2F%5C%2Fcondican.upiita.ipn.mx%5C%2Fwp-content%5C%2Fuploads%5C%2F2024%5C%2F05%5C%2Fcinvestav.png%22%2C%22size%22%3A6613%2C%22type%22%3A%22image%22%2C%22extension%22%3A%22png%22%2C%22width%22%3A80%2C%22height%22%3A80%2C%22ext%22%3A%22png%22%7D%7D%2C%22link%22%3A%22%22%2C%22caption%22%3A%22%22%7D%2C%7B%22file%22%3A%7B%22type%22%3A%22uploaded%22%2C%22data%22%3A%7B%22name%22%3A%22UPFI%22%2C%22url%22%3A%22http%3A%5C%2F%5C%2Fcondican.upiita.ipn.mx%5C%2Fwp-content%5C%2Fuploads%5C%2F2025%5C%2F08%5C%2Flogo-UPFI.png%22%2C%22size%22%3A8815%2C%22type%22%3A%22image%22%2C%22extension%22%3A%22png%22%2C%22width%22%3A80%2C%22height%22%3A80%2C%22ext%22%3A%22png%22%7D%7D%2C%22link%22%3A%22%22%2C%22caption%22%3A%22%22%7D%2C%7B%22file%22%3A%7B%22type%22%3A%22uploaded%22%2C%22data%22%3A%7B%22name%22%3A%22UAEH%22%2C%22url%22%3A%22http%3A%5C%2F%5C%2Fcondican.upiita.ipn.mx%5C%2Fwp-content%5C%2Fuploads%5C%2F2025%5C%2F08%5C%2Flogo-UAEH.png%22%2C%22size%22%3A8076%2C%22type%22%3A%22image%22%2C%22extension%22%3A%22png%22%2C%22width%22%3A158%2C%22height%22%3A80%2C%22ext%22%3A%22png%22%7D%7D%2C%22link%22%3A%22%22%2C%22caption%22%3A%22%22%7D%2C%7B%22file%22%3A%7B%22type%22%3A%22uploaded%22%2C%22data%22%3A%7B%22name%22%3A%22UACJ%22%2C%22url%22%3A%22http%3A%5C%2F%5C%2Fcondican.upiita.ipn.mx%5C%2Fwp-content%5C%2Fuploads%5C%2F2025%5C%2F08%5C%2Flogo-UACJ.jpg%22%2C%22size%22%3A20491%2C%22type%22%3A%22image%22%2C%22extension%22%3A%22jpeg%22%2C%22width%22%3A158%2C%22height%22%3A80%2C%22ext%22%3A%22jpeg%22%7D%7D%2C%22link%22%3A%22%22%2C%22caption%22%3A%22%22%7D%2C%7B%22file%22%3A%7B%22type%22%3A%22uploaded%22%2C%22data%22%3A%7B%22name%22%3A%22IPN%22%2C%22url%22%3A%22http%3A%5C%2F%5C%2Fcondican.upiita.ipn.mx%5C%2Fwp-content%5C%2Fuploads%5C%2F2025%5C%2F08%5C%2Flogo-IPN.png%22%2C%22size%22%3A6624%2C%22type%22%3A%22image%22%2C%22extension%22%3A%22png%22%2C%22width%22%3A80%2C%22height%22%3A80%2C%22ext%22%3A%22png%22%7D%7D%2C%22link%22%3A%22%22%2C%22caption%22%3A%22%22%7D%2C%7B%22file%22%3A%7B%22type%22%3A%22uploaded%22%2C%22data%22%3A%7B%22name%22%3A%22INMAGEN%22%2C%22url%22%3A%22http%3A%5C%2F%5C%2Fcondican.upiita.ipn.mx%5C%2Fwp-content%5C%2Fuploads%5C%2F2025%5C%2F08%5C%2Flogo-INMAGEN.jpg%22%2C%22size%22%3A19793%2C%22type%22%3A%22image%22%2C%22extension%22%3A%22jpeg%22%2C%22width%22%3A80%2C%22height%22%3A80%2C%22ext%22%3A%22jpeg%22%7D%7D%2C%22link%22%3A%22%22%2C%22caption%22%3A%22%22%7D%2C%7B%22file%22%3A%7B%22type%22%3A%22uploaded%22%2C%22data%22%3A%7B%22name%22%3A%22INCMNSZ%22%2C%22url%22%3A%22http%3A%5C%2F%5C%2Fcondican.upiita.ipn.mx%5C%2Fwp-content%5C%2Fuploads%5C%2F2025%5C%2F08%5C%2Flogo-INCMNSZ.jpg%22%2C%22size%22%3A18446%2C%22type%22%3A%22image%22%2C%22extension%22%3A%22jpeg%22%2C%22width%22%3A80%2C%22height%22%3A80%2C%22ext%22%3A%22jpeg%22%7D%7D%2C%22link%22%3A%22%22%2C%22caption%22%3A%22%22%7D%2C%7B%22file%22%3A%7B%22type%22%3A%22uploaded%22%2C%22data%22%3A%7B%22name%22%3A%22IMSS%22%2C%22url%22%3A%22http%3A%5C%2F%5C%2Fcondican.upiita.ipn.mx%5C%2Fwp-content%5C%2Fuploads%5C%2F2025%5C%2F08%5C%2Flogo-IMSS.jpg%22%2C%22size%22%3A14995%2C%22type%22%3A%22image%22%2C%22extension%22%3A%22jpeg%22%2C%22width%22%3A80%2C%22height%22%3A80%2C%22ext%22%3A%22jpeg%22%7D%7D%2C%22link%22%3A%22%22%2C%22caption%22%3A%22%22%7D%2C%7B%22file%22%3A%7B%22type%22%3A%22uploaded%22%2C%22data%22%3A%7B%22name%22%3A%22CIDETEQ%22%2C%22url%22%3A%22http%3A%5C%2F%5C%2Fcondican.upiita.ipn.mx%5C%2Fwp-content%5C%2Fuploads%5C%2F2025%5C%2F08%5C%2Flogo-CIDETEQ.jpg%22%2C%22size%22%3A19548%2C%22type%22%3A%22image%22%2C%22extension%22%3A%22jpeg%22%2C%22width%22%3A158%2C%22height%22%3A80%2C%22ext%22%3A%22jpeg%22%7D%7D%2C%22link%22%3A%22%22%2C%22caption%22%3A%22%22%7D%2C%7B%22file%22%3A%7B%22type%22%3A%22uploaded%22%2C%22data%22%3A%7B%22name%22%3A%22CICATA%22%2C%22url%22%3A%22http%3A%5C%2F%5C%2Fcondican.upiita.ipn.mx%5C%2Fwp-content%5C%2Fuploads%5C%2F2025%5C%2F08%5C%2Flogo-CICATA.jpg%22%2C%22size%22%3A13653%2C%22type%22%3A%22image%22%2C%22extension%22%3A%22jpeg%22%2C%22width%22%3A80%2C%22height%22%3A80%2C%22ext%22%3A%22jpeg%22%7D%7D%2C%22link%22%3A%22%22%2C%22caption%22%3A%22%22%7D%5D%2C%22headerEnabled%22%3Afalse%2C%22headerTitle%22%3A%22%22%2C%22headerText%22%3A%22%22%2C%22buttonEnabled%22%3Afalse%2C%22buttonLink%22%3A%22%22%2C%22buttonText%22%3A%22Contact%20Us%22%2C%22layout%22%3A%22carousel%22%2C%22sliderArrowsEnabled%22%3Atrue%2C%22sliderSwipeEnabled%22%3Atrue%2C%22sliderTransitionDuration%22%3A0.6%2C%22sliderPaginationType%22%3A%22none%22%2C%22sliderAutoSlideEnabled%22%3Afalse%2C%22sliderAutoSlideDelay%22%3A5%2C%22sliderAutoSlidePauseOnHover%22%3Afalse%2C%22sliderElementsColor%22%3A%22rgba%280%2C0%2C0%2C1%29%22%2C%22carouselSpeed%22%3A1500%2C%22carouselPauseOnHover%22%3Afalse%2C%22logoSize%22%3A80%2C%22gutter%22%3A29%2C%22logoSizeTablet%22%3A80%2C%22gutterTablet%22%3A20%2C%22logoSizeMobile%22%3A80%2C%22gutterMobile%22%3A20%2C%22width%22%3A%22auto%22%2C%22targetBlank%22%3Afalse%2C%22backgroundType%22%3A%22color%22%2C%22backgroundColor%22%3Anull%2C%22backgroundImage%22%3Anull%2C%22logoColor%22%3A%22original%22%2C%22logoCustomColor%22%3Anull%2C%22logoBackgroundColor%22%3Anull%2C%22headerTextColor%22%3A%22rgb%2817%2C%2017%2C%2017%29%22%2C%22headerTitleFontSize%22%3A24%2C%22headerTitleFontWeight%22%3A%22normal%22%2C%22headerTextFontSize%22%3A16%2C%22buttonStyle%22%3A%22filled%22%2C%22buttonColor%22%3A%22rgb%2828%2C%2059%2C%20255%29%22%2C%22buttonShape%22%3A4%2C%22buttonFontSize%22%3A16%2C%22widgetId%22%3A%221%22%7D\" \n                data-elfsight-logo-showcase-version=\"1.1.1\"\n                data-elfsight-widget-id=\"elfsight-logo-showcase-1\">\n            <\/div>\n            [\/vc_column_text][\/vc_column_inner][vc_column_inner width=&#8221;1\/3&#8243;][vc_custom_heading text=&#8221;Asociaciones&#8221; font_container=&#8221;tag:h5|text_align:left&#8221; use_theme_fonts=&#8221;yes&#8221;][vc_column_text]\n            <div \n                class=\"elfsight-widget-logo-showcase elfsight-widget\" \n                data-elfsight-logo-showcase-options=\"%7B%22items%22%3A%5B%7B%22file%22%3A%7B%22type%22%3A%22uploaded%22%2C%22data%22%3A%7B%22name%22%3A%22fundacion-de-alba%22%2C%22url%22%3A%22http%3A%5C%2F%5C%2Fcondican.upiita.ipn.mx%5C%2Fwp-content%5C%2Fuploads%5C%2F2025%5C%2F08%5C%2Flogo-fundacion-de-alba.png%22%2C%22size%22%3A9246%2C%22type%22%3A%22image%22%2C%22extension%22%3A%22png%22%2C%22width%22%3A80%2C%22height%22%3A80%2C%22ext%22%3A%22png%22%7D%7D%2C%22link%22%3A%22%22%2C%22caption%22%3A%22%22%7D%2C%7B%22file%22%3A%7B%22type%22%3A%22uploaded%22%2C%22data%22%3A%7B%22name%22%3A%22fucam%22%2C%22url%22%3A%22http%3A%5C%2F%5C%2Fcondican.upiita.ipn.mx%5C%2Fwp-content%5C%2Fuploads%5C%2F2025%5C%2F08%5C%2Flogo-fucam.png%22%2C%22size%22%3A9649%2C%22type%22%3A%22image%22%2C%22extension%22%3A%22png%22%2C%22width%22%3A80%2C%22height%22%3A80%2C%22ext%22%3A%22png%22%7D%7D%2C%22link%22%3A%22%22%2C%22caption%22%3A%22%22%7D%5D%2C%22headerEnabled%22%3Afalse%2C%22headerTitle%22%3A%22%22%2C%22headerText%22%3A%22%22%2C%22buttonEnabled%22%3Afalse%2C%22buttonLink%22%3A%22%22%2C%22buttonText%22%3A%22Contact%20Us%22%2C%22layout%22%3A%22carousel%22%2C%22sliderArrowsEnabled%22%3Atrue%2C%22sliderSwipeEnabled%22%3Atrue%2C%22sliderTransitionDuration%22%3A0.6%2C%22sliderPaginationType%22%3A%22none%22%2C%22sliderAutoSlideEnabled%22%3Afalse%2C%22sliderAutoSlideDelay%22%3A5%2C%22sliderAutoSlidePauseOnHover%22%3Afalse%2C%22sliderElementsColor%22%3A%22rgba%280%2C0%2C0%2C1%29%22%2C%22carouselSpeed%22%3A1500%2C%22carouselPauseOnHover%22%3Afalse%2C%22logoSize%22%3A80%2C%22gutter%22%3A29%2C%22logoSizeTablet%22%3A80%2C%22gutterTablet%22%3A20%2C%22logoSizeMobile%22%3A80%2C%22gutterMobile%22%3A20%2C%22width%22%3A%22auto%22%2C%22targetBlank%22%3Afalse%2C%22backgroundType%22%3A%22color%22%2C%22backgroundColor%22%3Anull%2C%22backgroundImage%22%3Anull%2C%22logoColor%22%3A%22original%22%2C%22logoCustomColor%22%3Anull%2C%22logoBackgroundColor%22%3Anull%2C%22headerTextColor%22%3A%22rgb%2817%2C%2017%2C%2017%29%22%2C%22headerTitleFontSize%22%3A24%2C%22headerTitleFontWeight%22%3A%22normal%22%2C%22headerTextFontSize%22%3A16%2C%22buttonStyle%22%3A%22filled%22%2C%22buttonColor%22%3A%22rgb%2828%2C%2059%2C%20255%29%22%2C%22buttonShape%22%3A4%2C%22buttonFontSize%22%3A16%2C%22widgetId%22%3A%222%22%7D\" \n                data-elfsight-logo-showcase-version=\"1.1.1\"\n                data-elfsight-widget-id=\"elfsight-logo-showcase-2\">\n            <\/div>\n            [\/vc_column_text][\/vc_column_inner][vc_column_inner width=&#8221;1\/3&#8243;][vc_custom_heading text=&#8221;Empresas&#8221; font_container=&#8221;tag:h5|text_align:left&#8221; use_theme_fonts=&#8221;yes&#8221;][vc_column_text]\n            <div \n                class=\"elfsight-widget-logo-showcase elfsight-widget\" \n                data-elfsight-logo-showcase-options=\"%7B%22items%22%3A%5B%7B%22file%22%3A%7B%22type%22%3A%22uploaded%22%2C%22data%22%3A%7B%22name%22%3A%22AURORA-CIENTIFICA%22%2C%22url%22%3A%22http%3A%5C%2F%5C%2Fcondican.upiita.ipn.mx%5C%2Fwp-content%5C%2Fuploads%5C%2F2025%5C%2F08%5C%2Flogo-AURORA-CIENTIFICA.jpg%22%2C%22size%22%3A20399%2C%22type%22%3A%22image%22%2C%22extension%22%3A%22jpeg%22%2C%22width%22%3A158%2C%22height%22%3A80%2C%22ext%22%3A%22jpeg%22%7D%7D%2C%22link%22%3A%22%22%2C%22caption%22%3A%22%22%7D%2C%7B%22file%22%3A%7B%22type%22%3A%22uploaded%22%2C%22data%22%3A%7B%22name%22%3A%22DIXILAB%22%2C%22url%22%3A%22http%3A%5C%2F%5C%2Fcondican.upiita.ipn.mx%5C%2Fwp-content%5C%2Fuploads%5C%2F2025%5C%2F08%5C%2Flogo-DIXILAB.png%22%2C%22size%22%3A11092%2C%22type%22%3A%22image%22%2C%22extension%22%3A%22png%22%2C%22width%22%3A80%2C%22height%22%3A80%2C%22ext%22%3A%22png%22%7D%7D%2C%22link%22%3A%22%22%2C%22caption%22%3A%22%22%7D%2C%7B%22file%22%3A%7B%22type%22%3A%22uploaded%22%2C%22data%22%3A%7B%22name%22%3A%22SWASTIKLAB%22%2C%22url%22%3A%22http%3A%5C%2F%5C%2Fcondican.upiita.ipn.mx%5C%2Fwp-content%5C%2Fuploads%5C%2F2025%5C%2F08%5C%2Flogo-SWASTIKLAB.jpg%22%2C%22size%22%3A15675%2C%22type%22%3A%22image%22%2C%22extension%22%3A%22jpeg%22%2C%22width%22%3A80%2C%22height%22%3A80%2C%22ext%22%3A%22jpeg%22%7D%7D%2C%22link%22%3A%22%22%2C%22caption%22%3A%22%22%7D%5D%2C%22headerEnabled%22%3Afalse%2C%22headerTitle%22%3A%22%22%2C%22headerText%22%3A%22%22%2C%22buttonEnabled%22%3Afalse%2C%22buttonLink%22%3A%22%22%2C%22buttonText%22%3A%22Contact%20Us%22%2C%22layout%22%3A%22carousel%22%2C%22sliderArrowsEnabled%22%3Atrue%2C%22sliderSwipeEnabled%22%3Atrue%2C%22sliderTransitionDuration%22%3A0.6%2C%22sliderPaginationType%22%3A%22none%22%2C%22sliderAutoSlideEnabled%22%3Afalse%2C%22sliderAutoSlideDelay%22%3A5%2C%22sliderAutoSlidePauseOnHover%22%3Afalse%2C%22sliderElementsColor%22%3A%22rgba%280%2C0%2C0%2C1%29%22%2C%22carouselSpeed%22%3A1500%2C%22carouselPauseOnHover%22%3Afalse%2C%22logoSize%22%3A80%2C%22gutter%22%3A29%2C%22logoSizeTablet%22%3A80%2C%22gutterTablet%22%3A20%2C%22logoSizeMobile%22%3A80%2C%22gutterMobile%22%3A20%2C%22width%22%3A%22auto%22%2C%22targetBlank%22%3Afalse%2C%22backgroundType%22%3A%22color%22%2C%22backgroundColor%22%3Anull%2C%22backgroundImage%22%3Anull%2C%22logoColor%22%3A%22original%22%2C%22logoCustomColor%22%3Anull%2C%22logoBackgroundColor%22%3Anull%2C%22headerTextColor%22%3A%22rgb%2817%2C%2017%2C%2017%29%22%2C%22headerTitleFontSize%22%3A24%2C%22headerTitleFontWeight%22%3A%22normal%22%2C%22headerTextFontSize%22%3A16%2C%22buttonStyle%22%3A%22filled%22%2C%22buttonColor%22%3A%22rgb%2828%2C%2059%2C%20255%29%22%2C%22buttonShape%22%3A4%2C%22buttonFontSize%22%3A16%2C%22widgetId%22%3A%223%22%7D\" \n                data-elfsight-logo-showcase-version=\"1.1.1\"\n                data-elfsight-widget-id=\"elfsight-logo-showcase-3\">\n            <\/div>\n            [\/vc_column_text][\/vc_column_inner][\/vc_row_inner][\/vc_column][\/vc_row]<\/p>\n<\/section>","protected":false},"excerpt":{"rendered":"<p>[vc_row fullwidth=&#8221;0&#8243; row_space=&#8221;remove_padding&#8221; isfullwidth=&#8221;0&#8243;][vc_column][\/vc_column][\/vc_row][vc_row][vc_column][vc_column_text] D\u00edas para el 3er Congreso Nacional de Desarrollo de Materiales y Sistemas para el Diagn\u00f3stico de C\u00e1ncer Fechas del evento 20 al 24 de octubre [\/vc_column_text][\/vc_column][\/vc_row][vc_row full_width=&#8221;stretch_row_content_no_spaces&#8221;][vc_column][vc_column_text] EVENTO GRATUITO Apoyado por la Secretar\u00eda de Educaci\u00f3n, Ciencia, Tecnolog\u00eda e Innovaci\u00f3n de la Ciudad de M\u00e9xico (SECTEI) y la Secretar\u00eda de Investigaci\u00f3n y [&hellip;]<\/p>\n","protected":false},"author":1,"featured_media":0,"parent":0,"menu_order":0,"comment_status":"closed","ping_status":"closed","template":"","meta":{"footnotes":""},"class_list":["post-3850","page","type-page","status-publish","hentry"],"_links":{"self":[{"href":"https:\/\/condican.upiita.ipn.mx\/index.php\/wp-json\/wp\/v2\/pages\/3850","targetHints":{"allow":["GET"]}}],"collection":[{"href":"https:\/\/condican.upiita.ipn.mx\/index.php\/wp-json\/wp\/v2\/pages"}],"about":[{"href":"https:\/\/condican.upiita.ipn.mx\/index.php\/wp-json\/wp\/v2\/types\/page"}],"author":[{"embeddable":true,"href":"https:\/\/condican.upiita.ipn.mx\/index.php\/wp-json\/wp\/v2\/users\/1"}],"replies":[{"embeddable":true,"href":"https:\/\/condican.upiita.ipn.mx\/index.php\/wp-json\/wp\/v2\/comments?post=3850"}],"version-history":[{"count":144,"href":"https:\/\/condican.upiita.ipn.mx\/index.php\/wp-json\/wp\/v2\/pages\/3850\/revisions"}],"predecessor-version":[{"id":5531,"href":"https:\/\/condican.upiita.ipn.mx\/index.php\/wp-json\/wp\/v2\/pages\/3850\/revisions\/5531"}],"wp:attachment":[{"href":"https:\/\/condican.upiita.ipn.mx\/index.php\/wp-json\/wp\/v2\/media?parent=3850"}],"curies":[{"name":"wp","href":"https:\/\/api.w.org\/{rel}","templated":true}]}}